{"id":4896,"date":"2019-03-08T09:15:11","date_gmt":"2019-03-08T09:15:11","guid":{"rendered":"https:\/\/staging.datatex.com\/news-eventi\/"},"modified":"2025-02-14T04:45:35","modified_gmt":"2025-02-14T04:45:35","slug":"news-eventi","status":"publish","type":"page","link":"https:\/\/staging.datatex.com\/tr\/news-eventi\/","title":{"rendered":"Haberler"},"content":{"rendered":"<div class=\"fusion-fullwidth fullwidth-box fusion-builder-row-1 nonhundred-percent-fullwidth non-hundred-percent-height-scrolling\" style=\"--awb-border-radius-top-left:0px;--awb-border-radius-top-right:0px;--awb-border-radius-bottom-right:0px;--awb-border-radius-bottom-left:0px;--awb-flex-wrap:wrap;\" ><div class=\"fusion-builder-row fusion-row\"><div class=\"fusion-layout-column fusion_builder_column fusion-builder-column-0 fusion_builder_column_1_1 1_1 fusion-one-full fusion-column-first fusion-column-last\" style=\"--awb-bg-size:cover;\"><div class=\"fusion-column-wrapper fusion-column-has-shadow fusion-flex-column-wrapper-legacy\"><div class=\"fusion-blog-shortcode fusion-blog-shortcode-1 fusion-blog-archive fusion-blog-layout-grid-wrapper fusion-blog-pagination fusion-blog-layout-center\"><style type=\"text\/css\">.fusion-blog-shortcode-1 .fusion-blog-layout-grid .fusion-post-grid{padding:20px;}.fusion-blog-shortcode-1 .fusion-posts-container{margin-left: -20px !important; margin-right:-20px !important;}<\/style><div class=\"fusion-posts-container fusion-posts-container-pagination fusion-no-meta-info fusion-blog-rollover fusion-blog-layout-grid fusion-blog-layout-grid-3 isotope fusion-blog-equal-heights\" data-pages=\"13\" data-grid-col-space=\"40\" style=\"margin: -20px -20px 0;min-height:500px;\"><article id=\"blog-1-post-17891739\" class=\"fusion-post-grid post-17891739 post type-post status-publish format-standard has-post-thumbnail hentry category-news\">\n<div class=\"fusion-post-wrapper\" style=\"background-color:rgba(255,255,255,0);border:1px solid #ebeaea;border-bottom-width:3px;\">\n\n\t\t\t<div class=\"fusion-flexslider flexslider fusion-flexslider-loading fusion-post-slideshow\" style=\"border-color:#ebeaea;\">\n\t\t<ul class=\"slides\">\n\t\t\t\n\t\t\t\t\t\t\t\t\t\t\t\t\t\t<li><div  class=\"fusion-image-wrapper\" aria-haspopup=\"true\">\n\t\t\t\t<img decoding=\"async\" width=\"719\" height=\"401\" src=\"https:\/\/staging.datatex.com\/wp-content\/uploads\/2020\/07\/Copia-di-Copia-di-Progetto-senza-titolo-3-1-e1595510856182.png\" class=\"attachment-full size-full wp-post-image\" alt=\"A longstanding partnership with nordstar* consulting | Datatex\" srcset=\"https:\/\/staging.datatex.com\/wp-content\/uploads\/2020\/07\/Copia-di-Copia-di-Progetto-senza-titolo-3-1-e1595510856182-200x112.png 200w, https:\/\/staging.datatex.com\/wp-content\/uploads\/2020\/07\/Copia-di-Copia-di-Progetto-senza-titolo-3-1-e1595510856182-400x223.png 400w, https:\/\/staging.datatex.com\/wp-content\/uploads\/2020\/07\/Copia-di-Copia-di-Progetto-senza-titolo-3-1-e1595510856182-600x335.png 600w, https:\/\/staging.datatex.com\/wp-content\/uploads\/2020\/07\/Copia-di-Copia-di-Progetto-senza-titolo-3-1-e1595510856182.png 719w\" sizes=\"(min-width: 2200px) 100vw, (min-width: 784px) 340px, (min-width: 712px) 510px, (min-width: 640px) 712px, \" \/><div class=\"fusion-rollover\">\n\t<div class=\"fusion-rollover-content\">\n\n\t\t\t\t\n\t\t\n\t\t\t\t\t\t\t\t\n\t\t\t\t\t\t\t\t\n\t\t\n\t\t\t\t\t\t<a class=\"fusion-link-wrapper\" href=\"https:\/\/staging.datatex.com\/tr\/nordstar-danismanlik-ile-uzun-sureli-bir-ortaklik\/\" aria-label=\"Nordstar* dan\u0131\u015fmanl\u0131k ile uzun s\u00fcreli bir ortakl\u0131k\"><\/a>\n\t<\/div>\n<\/div>\n<\/div>\n<\/li>\n\t\t\t\n\t\t\t\n\t\t\t\t\t\t\t\t\t\t\t\t\t\t\t\t\t\t\t\t\t\t\t\t\t\t\t\t\t\t\t\t\t\t\t\t\t\t\t\t\t\t\t\t\t\t\t\t\t\t\t\t\t\t\t\t\t\t\t\t\t\t\t\t\t\t\t\t<\/ul>\n\t<\/div>\n\t<div class=\"fusion-post-content-wrapper\" style=\"padding:30px 25px 20px 25px;\"><div class=\"fusion-post-content post-content\"><h2 class=\"blog-shortcode-post-title entry-title\"><a href=\"https:\/\/staging.datatex.com\/tr\/nordstar-danismanlik-ile-uzun-sureli-bir-ortaklik\/\">Nordstar* dan\u0131\u015fmanl\u0131k ile uzun s\u00fcreli bir ortakl\u0131k<\/a><\/h2><\/div><\/div><div class=\"fusion-clearfix\"><\/div><\/div>\n<\/article>\n<article id=\"blog-1-post-17891032\" class=\"fusion-post-grid post-17891032 post type-post status-publish format-standard has-post-thumbnail hentry category-news\">\n<div class=\"fusion-post-wrapper\" style=\"background-color:rgba(255,255,255,0);border:1px solid #ebeaea;border-bottom-width:3px;\">\n\n\t\t\t<div class=\"fusion-flexslider flexslider fusion-flexslider-loading fusion-post-slideshow\" style=\"border-color:#ebeaea;\">\n\t\t<ul class=\"slides\">\n\t\t\t\n\t\t\t\t\t\t\t\t\t\t\t\t\t\t<li><div  class=\"fusion-image-wrapper\" aria-haspopup=\"true\">\n\t\t\t\t<img decoding=\"async\" width=\"700\" height=\"400\" src=\"https:\/\/staging.datatex.com\/wp-content\/uploads\/2022\/03\/Artificial-Intelligence-e1738741354277.jpg\" class=\"attachment-full size-full wp-post-image\" alt=\"Artificial Intelligence in Textile Manufacturing\" srcset=\"https:\/\/staging.datatex.com\/wp-content\/uploads\/2022\/03\/Artificial-Intelligence-e1738741354277-200x114.jpg 200w, https:\/\/staging.datatex.com\/wp-content\/uploads\/2022\/03\/Artificial-Intelligence-e1738741354277-400x229.jpg 400w, https:\/\/staging.datatex.com\/wp-content\/uploads\/2022\/03\/Artificial-Intelligence-e1738741354277-600x343.jpg 600w, https:\/\/staging.datatex.com\/wp-content\/uploads\/2022\/03\/Artificial-Intelligence-e1738741354277.jpg 700w\" sizes=\"(min-width: 2200px) 100vw, (min-width: 784px) 340px, (min-width: 712px) 510px, (min-width: 640px) 712px, \" \/><div class=\"fusion-rollover\">\n\t<div class=\"fusion-rollover-content\">\n\n\t\t\t\t\n\t\t\n\t\t\t\t\t\t\t\t\n\t\t\t\t\t\t\t\t\n\t\t\n\t\t\t\t\t\t<a class=\"fusion-link-wrapper\" href=\"https:\/\/staging.datatex.com\/tr\/yapay-zeka-ile-tekstil-belgelerinin-islenmesinde-devrim-aotm-ile-tanisin\/\" aria-label=\"Yapay Zeka ile Tekstil Belgelerinin \u0130\u015flenmesinde Devrim: AOTM ile Tan\u0131\u015f\u0131n\"><\/a>\n\t<\/div>\n<\/div>\n<\/div>\n<\/li>\n\t\t\t\n\t\t\t\n\t\t\t\t\t\t\t\t\t\t\t\t\t\t\t\t\t\t\t\t\t\t\t\t\t\t\t\t\t\t\t\t\t\t\t\t\t\t\t\t\t\t\t\t\t\t\t\t\t\t\t\t\t\t\t\t\t\t\t\t\t\t\t\t\t\t\t\t<\/ul>\n\t<\/div>\n\t<div class=\"fusion-post-content-wrapper\" style=\"padding:30px 25px 20px 25px;\"><div class=\"fusion-post-content post-content\"><h2 class=\"blog-shortcode-post-title entry-title\"><a href=\"https:\/\/staging.datatex.com\/tr\/yapay-zeka-ile-tekstil-belgelerinin-islenmesinde-devrim-aotm-ile-tanisin\/\">Yapay Zeka ile Tekstil Belgelerinin \u0130\u015flenmesinde Devrim: AOTM ile Tan\u0131\u015f\u0131n<\/a><\/h2><\/div><\/div><div class=\"fusion-clearfix\"><\/div><\/div>\n<\/article>\n<article id=\"blog-1-post-17890777\" class=\"fusion-post-grid post-17890777 post type-post status-publish format-standard has-post-thumbnail hentry category-news\">\n<div class=\"fusion-post-wrapper\" style=\"background-color:rgba(255,255,255,0);border:1px solid #ebeaea;border-bottom-width:3px;\">\n\n\t\t\t<div class=\"fusion-flexslider flexslider fusion-flexslider-loading fusion-post-slideshow\" style=\"border-color:#ebeaea;\">\n\t\t<ul class=\"slides\">\n\t\t\t\n\t\t\t\t\t\t\t\t\t\t\t\t\t\t<li><div  class=\"fusion-image-wrapper\" aria-haspopup=\"true\">\n\t\t\t\t<img decoding=\"async\" width=\"700\" height=\"400\" src=\"https:\/\/staging.datatex.com\/wp-content\/uploads\/2025\/01\/credibilita-professionalita-1.jpg\" class=\"attachment-full size-full wp-post-image\" alt=\"New partnership with MIR Insight | Datatex NOW ERP\" srcset=\"https:\/\/staging.datatex.com\/wp-content\/uploads\/2025\/01\/credibilita-professionalita-1-200x114.jpg 200w, https:\/\/staging.datatex.com\/wp-content\/uploads\/2025\/01\/credibilita-professionalita-1-400x229.jpg 400w, https:\/\/staging.datatex.com\/wp-content\/uploads\/2025\/01\/credibilita-professionalita-1-600x343.jpg 600w, https:\/\/staging.datatex.com\/wp-content\/uploads\/2025\/01\/credibilita-professionalita-1.jpg 700w\" sizes=\"(min-width: 2200px) 100vw, (min-width: 784px) 340px, (min-width: 712px) 510px, (min-width: 640px) 712px, \" \/><div class=\"fusion-rollover\">\n\t<div class=\"fusion-rollover-content\">\n\n\t\t\t\t\n\t\t\n\t\t\t\t\t\t\t\t\n\t\t\t\t\t\t\t\t\n\t\t\n\t\t\t\t\t\t<a class=\"fusion-link-wrapper\" href=\"https:\/\/staging.datatex.com\/tr\/mir-insight-ile-yeni-ortaklik\/\" aria-label=\"MIR Insight ile yeni ortakl\u0131k\"><\/a>\n\t<\/div>\n<\/div>\n<\/div>\n<\/li>\n\t\t\t\n\t\t\t\n\t\t\t\t\t\t\t\t\t\t\t\t\t\t\t\t\t\t\t\t\t\t\t\t\t\t\t\t\t\t\t\t\t\t\t\t\t\t\t\t\t\t\t\t\t\t\t\t\t\t\t\t\t\t\t\t\t\t\t\t\t\t\t\t\t\t\t\t<\/ul>\n\t<\/div>\n\t<div class=\"fusion-post-content-wrapper\" style=\"padding:30px 25px 20px 25px;\"><div class=\"fusion-post-content post-content\"><h2 class=\"blog-shortcode-post-title entry-title\"><a href=\"https:\/\/staging.datatex.com\/tr\/mir-insight-ile-yeni-ortaklik\/\">MIR Insight ile yeni ortakl\u0131k<\/a><\/h2><\/div><\/div><div class=\"fusion-clearfix\"><\/div><\/div>\n<\/article>\n<article id=\"blog-1-post-17890390\" class=\"fusion-post-grid post-17890390 post type-post status-publish format-standard has-post-thumbnail hentry category-news\">\n<div class=\"fusion-post-wrapper\" style=\"background-color:rgba(255,255,255,0);border:1px solid #ebeaea;border-bottom-width:3px;\">\n\n\t\t\t<div class=\"fusion-flexslider flexslider fusion-flexslider-loading fusion-post-slideshow\" style=\"border-color:#ebeaea;\">\n\t\t<ul class=\"slides\">\n\t\t\t\n\t\t\t\t\t\t\t\t\t\t\t\t\t\t<li><div  class=\"fusion-image-wrapper\" aria-haspopup=\"true\">\n\t\t\t\t<img decoding=\"async\" width=\"1800\" height=\"1200\" src=\"https:\/\/staging.datatex.com\/wp-content\/uploads\/2023\/09\/4.jpg-e1694768681544.jpg\" class=\"attachment-full size-full wp-post-image\" alt=\"Textile Solutions Group\" \/><div class=\"fusion-rollover\">\n\t<div class=\"fusion-rollover-content\">\n\n\t\t\t\t\n\t\t\n\t\t\t\t\t\t\t\t\n\t\t\t\t\t\t\t\t\n\t\t\n\t\t\t\t\t\t<a class=\"fusion-link-wrapper\" href=\"https:\/\/staging.datatex.com\/tr\/penelope-cad-textile-solutions-groupa-tsg-katildi\/\" aria-label=\"Penelope CAD, Textile Solutions Group\u2019a (TSG) kat\u0131ld\u0131\"><\/a>\n\t<\/div>\n<\/div>\n<\/div>\n<\/li>\n\t\t\t\n\t\t\t\n\t\t\t\t\t\t\t\t\t\t\t\t\t\t\t\t\t\t\t\t\t\t\t\t\t\t\t\t\t\t\t\t\t\t\t\t\t\t\t\t\t\t\t\t\t\t\t\t\t\t\t\t\t\t\t\t\t\t\t\t\t\t\t\t\t\t\t\t<\/ul>\n\t<\/div>\n\t<div class=\"fusion-post-content-wrapper\" style=\"padding:30px 25px 20px 25px;\"><div class=\"fusion-post-content post-content\"><h2 class=\"blog-shortcode-post-title entry-title\"><a href=\"https:\/\/staging.datatex.com\/tr\/penelope-cad-textile-solutions-groupa-tsg-katildi\/\">Penelope CAD, Textile Solutions Group\u2019a (TSG) kat\u0131ld\u0131<\/a><\/h2><\/div><\/div><div class=\"fusion-clearfix\"><\/div><\/div>\n<\/article>\n<article id=\"blog-1-post-17890132\" class=\"fusion-post-grid post-17890132 post type-post status-publish format-standard has-post-thumbnail hentry category-news\">\n<div class=\"fusion-post-wrapper\" style=\"background-color:rgba(255,255,255,0);border:1px solid #ebeaea;border-bottom-width:3px;\">\n\n\t\t\t<div class=\"fusion-flexslider flexslider fusion-flexslider-loading fusion-post-slideshow\" style=\"border-color:#ebeaea;\">\n\t\t<ul class=\"slides\">\n\t\t\t\n\t\t\t\t\t\t\t\t\t\t\t\t\t\t<li><div  class=\"fusion-image-wrapper\" aria-haspopup=\"true\">\n\t\t\t\t<img decoding=\"async\" width=\"700\" height=\"400\" src=\"https:\/\/staging.datatex.com\/wp-content\/uploads\/2025\/01\/shutterstock_674634496-2-1.jpg\" class=\"attachment-full size-full wp-post-image\" alt=\"Datatex acquires Gea Soft\" srcset=\"https:\/\/staging.datatex.com\/wp-content\/uploads\/2025\/01\/shutterstock_674634496-2-1-200x114.jpg 200w, https:\/\/staging.datatex.com\/wp-content\/uploads\/2025\/01\/shutterstock_674634496-2-1-400x229.jpg 400w, https:\/\/staging.datatex.com\/wp-content\/uploads\/2025\/01\/shutterstock_674634496-2-1-600x343.jpg 600w, https:\/\/staging.datatex.com\/wp-content\/uploads\/2025\/01\/shutterstock_674634496-2-1.jpg 700w\" sizes=\"(min-width: 2200px) 100vw, (min-width: 784px) 340px, (min-width: 712px) 510px, (min-width: 640px) 712px, \" \/><div class=\"fusion-rollover\">\n\t<div class=\"fusion-rollover-content\">\n\n\t\t\t\t\n\t\t\n\t\t\t\t\t\t\t\t\n\t\t\t\t\t\t\t\t\n\t\t\n\t\t\t\t\t\t<a class=\"fusion-link-wrapper\" href=\"https:\/\/staging.datatex.com\/tr\/datatex-gea-softu-satin-aldi-yenilik-ve-buyumenin-yeni-bir-bolumu\/\" aria-label=\"Datatex, Gea Soft\u2019u Sat\u0131n Ald\u0131: Yenilik ve B\u00fcy\u00fcmenin Yeni Bir B\u00f6l\u00fcm\u00fc\"><\/a>\n\t<\/div>\n<\/div>\n<\/div>\n<\/li>\n\t\t\t\n\t\t\t\n\t\t\t\t\t\t\t\t\t\t\t\t\t\t\t\t\t\t\t\t\t\t\t\t\t\t\t\t\t\t\t\t\t\t\t\t\t\t\t\t\t\t\t\t\t\t\t\t\t\t\t\t\t\t\t\t\t\t\t\t\t\t\t\t\t\t\t\t<\/ul>\n\t<\/div>\n\t<div class=\"fusion-post-content-wrapper\" style=\"padding:30px 25px 20px 25px;\"><div class=\"fusion-post-content post-content\"><h2 class=\"blog-shortcode-post-title entry-title\"><a href=\"https:\/\/staging.datatex.com\/tr\/datatex-gea-softu-satin-aldi-yenilik-ve-buyumenin-yeni-bir-bolumu\/\">Datatex, Gea Soft\u2019u Sat\u0131n Ald\u0131: Yenilik ve B\u00fcy\u00fcmenin Yeni Bir B\u00f6l\u00fcm\u00fc<\/a><\/h2><\/div><\/div><div class=\"fusion-clearfix\"><\/div><\/div>\n<\/article>\n<article id=\"blog-1-post-17889679\" class=\"fusion-post-grid post-17889679 post type-post status-publish format-standard has-post-thumbnail hentry category-news\">\n<div class=\"fusion-post-wrapper\" style=\"background-color:rgba(255,255,255,0);border:1px solid #ebeaea;border-bottom-width:3px;\">\n\n\t\t\t<div class=\"fusion-flexslider flexslider fusion-flexslider-loading fusion-post-slideshow\" style=\"border-color:#ebeaea;\">\n\t\t<ul class=\"slides\">\n\t\t\t\n\t\t\t\t\t\t\t\t\t\t\t\t\t\t<li><div  class=\"fusion-image-wrapper\" aria-haspopup=\"true\">\n\t\t\t\t<img decoding=\"async\" width=\"700\" height=\"400\" src=\"https:\/\/staging.datatex.com\/wp-content\/uploads\/2024\/12\/Avia_no-resize-2.png\" class=\"attachment-full size-full wp-post-image\" alt=\"Avia Filati italiani\" srcset=\"https:\/\/staging.datatex.com\/wp-content\/uploads\/2024\/12\/Avia_no-resize-2-200x114.png 200w, https:\/\/staging.datatex.com\/wp-content\/uploads\/2024\/12\/Avia_no-resize-2-400x229.png 400w, https:\/\/staging.datatex.com\/wp-content\/uploads\/2024\/12\/Avia_no-resize-2-600x343.png 600w, https:\/\/staging.datatex.com\/wp-content\/uploads\/2024\/12\/Avia_no-resize-2.png 700w\" sizes=\"(min-width: 2200px) 100vw, (min-width: 784px) 340px, (min-width: 712px) 510px, (min-width: 640px) 712px, \" \/><div class=\"fusion-rollover\">\n\t<div class=\"fusion-rollover-content\">\n\n\t\t\t\t\n\t\t\n\t\t\t\t\t\t\t\t\n\t\t\t\t\t\t\t\t\n\t\t\n\t\t\t\t\t\t<a class=\"fusion-link-wrapper\" href=\"https:\/\/staging.datatex.com\/tr\/yeni-musteri-avia-filati-italiani\/\" aria-label=\"Yeni m\u00fc\u015fteri Avia Filati italiani\"><\/a>\n\t<\/div>\n<\/div>\n<\/div>\n<\/li>\n\t\t\t\n\t\t\t\n\t\t\t\t\t\t\t\t\t\t\t\t\t\t\t\t\t\t\t\t\t\t\t\t\t\t\t\t\t\t\t\t\t\t\t\t\t\t\t\t\t\t\t\t\t\t\t\t\t\t\t\t\t\t\t\t\t\t\t\t\t\t\t\t\t\t\t\t<\/ul>\n\t<\/div>\n\t<div class=\"fusion-post-content-wrapper\" style=\"padding:30px 25px 20px 25px;\"><div class=\"fusion-post-content post-content\"><h2 class=\"blog-shortcode-post-title entry-title\"><a href=\"https:\/\/staging.datatex.com\/tr\/yeni-musteri-avia-filati-italiani\/\">Yeni m\u00fc\u015fteri Avia Filati italiani<\/a><\/h2><\/div><\/div><div class=\"fusion-clearfix\"><\/div><\/div>\n<\/article>\n<div class=\"fusion-clearfix\"><\/div><\/div><div class=\"pagination clearfix\"><span class=\"current\">1<\/span><a href=\"https:\/\/staging.datatex.com\/tr\/wp-json\/wp\/v2\/pages\/4896\/page\/2\/\" class=\"inactive\">2<\/a><a class=\"pagination-next\" rel=\"next\" href=\"https:\/\/staging.datatex.com\/tr\/wp-json\/wp\/v2\/pages\/4896\/page\/2\/\"><span class=\"page-text\">Next<\/span><span class=\"page-next\"><\/span><\/a><\/div><div class=\"fusion-clearfix\"><\/div><\/div><div class=\"fusion-clearfix\"><\/div><\/div><\/div><\/div><\/div>\n","protected":false},"excerpt":{"rendered":"","protected":false},"author":1,"featured_media":0,"parent":0,"menu_order":0,"comment_status":"closed","ping_status":"closed","template":"","meta":{"footnotes":""},"class_list":["post-4896","page","type-page","status-publish","hentry"],"yoast_head":"<!-- This site is optimized with the Yoast SEO plugin v25.5 - https:\/\/yoast.com\/wordpress\/plugins\/seo\/ -->\n<title>Tekstil ve Haz\u0131rgiyim d\u00fcnyas\u0131ndan haberler ve olaylar | Datatex<\/title>\n<meta name=\"description\" content=\"Datatex&#039;in en son haberleriyle g\u00fcncel kal\u0131n ve \u00f6nemli tekstil ve haz\u0131r giyim etkinliklerini ke\u015ffedin. Daha fazlas\u0131n\u0131 bul!\" \/>\n<meta name=\"robots\" content=\"noindex, follow, max-snippet:-1, max-image-preview:large, max-video-preview:-1\" \/>\n<meta property=\"og:locale\" content=\"tr_TR\" \/>\n<meta property=\"og:type\" content=\"article\" \/>\n<meta property=\"og:title\" content=\"Tekstil ve Haz\u0131rgiyim d\u00fcnyas\u0131ndan haberler ve olaylar | Datatex\" \/>\n<meta property=\"og:description\" content=\"Datatex&#039;in en son haberleriyle g\u00fcncel kal\u0131n ve \u00f6nemli tekstil ve haz\u0131r giyim etkinliklerini ke\u015ffedin. Daha fazlas\u0131n\u0131 bul!\" \/>\n<meta property=\"og:url\" content=\"https:\/\/staging.datatex.com\/news-eventi\/\" \/>\n<meta property=\"og:site_name\" content=\"Datatex\" \/>\n<meta property=\"article:modified_time\" content=\"2025-02-14T04:45:35+00:00\" \/>\n<meta name=\"twitter:card\" content=\"summary_large_image\" \/>\n<meta name=\"twitter:label1\" content=\"Tahmini okuma s\u00fcresi\" \/>\n\t<meta name=\"twitter:data1\" content=\"2 dakika\" \/>\n<script type=\"application\/ld+json\" class=\"yoast-schema-graph\">{\"@context\":\"https:\/\/schema.org\",\"@graph\":[{\"@type\":\"WebPage\",\"@id\":\"https:\/\/staging.datatex.com\/news-eventi\/\",\"url\":\"https:\/\/staging.datatex.com\/news-eventi\/\",\"name\":\"Tekstil ve Haz\u0131rgiyim d\u00fcnyas\u0131ndan haberler ve olaylar | Datatex\",\"isPartOf\":{\"@id\":\"https:\/\/staging.datatex.com\/#website\"},\"datePublished\":\"2019-03-08T09:15:11+00:00\",\"dateModified\":\"2025-02-14T04:45:35+00:00\",\"description\":\"Datatex'in en son haberleriyle g\u00fcncel kal\u0131n ve \u00f6nemli tekstil ve haz\u0131r giyim etkinliklerini ke\u015ffedin. Daha fazlas\u0131n\u0131 bul!\",\"breadcrumb\":{\"@id\":\"https:\/\/staging.datatex.com\/news-eventi\/#breadcrumb\"},\"inLanguage\":\"tr\",\"potentialAction\":[{\"@type\":\"ReadAction\",\"target\":[\"https:\/\/staging.datatex.com\/news-eventi\/\"]}]},{\"@type\":\"BreadcrumbList\",\"@id\":\"https:\/\/staging.datatex.com\/news-eventi\/#breadcrumb\",\"itemListElement\":[{\"@type\":\"ListItem\",\"position\":1,\"name\":\"Datatex\",\"item\":\"https:\/\/staging.datatex.com\/\"},{\"@type\":\"ListItem\",\"position\":2,\"name\":\"Haberler\"}]},{\"@type\":\"WebSite\",\"@id\":\"https:\/\/staging.datatex.com\/#website\",\"url\":\"https:\/\/staging.datatex.com\/\",\"name\":\"Datatex - We Make IT Work for You\",\"description\":\"Datatex: We Make IT Work for You\",\"publisher\":{\"@id\":\"https:\/\/staging.datatex.com\/#organization\"},\"potentialAction\":[{\"@type\":\"SearchAction\",\"target\":{\"@type\":\"EntryPoint\",\"urlTemplate\":\"https:\/\/staging.datatex.com\/?s={search_term_string}\"},\"query-input\":{\"@type\":\"PropertyValueSpecification\",\"valueRequired\":true,\"valueName\":\"search_term_string\"}}],\"inLanguage\":\"tr\"},{\"@type\":\"Organization\",\"@id\":\"https:\/\/staging.datatex.com\/#organization\",\"name\":\"Datatex - We Make IT Work for You\",\"url\":\"https:\/\/staging.datatex.com\/\",\"logo\":{\"@type\":\"ImageObject\",\"inLanguage\":\"tr\",\"@id\":\"https:\/\/staging.datatex.com\/#\/schema\/logo\/image\/\",\"url\":\"https:\/\/staging.datatex.com\/wp-content\/uploads\/2019\/09\/android-chrome-192x192-e1569404708453.png\",\"contentUrl\":\"https:\/\/staging.datatex.com\/wp-content\/uploads\/2019\/09\/android-chrome-192x192-e1569404708453.png\",\"width\":192,\"height\":192,\"caption\":\"Datatex - We Make IT Work for You\"},\"image\":{\"@id\":\"https:\/\/staging.datatex.com\/#\/schema\/logo\/image\/\"},\"sameAs\":[\"https:\/\/www.linkedin.com\/company\/datatex\/\"]}]}<\/script>\n<!-- \/ Yoast SEO plugin. -->","yoast_head_json":{"title":"Tekstil ve Haz\u0131rgiyim d\u00fcnyas\u0131ndan haberler ve olaylar | Datatex","description":"Datatex'in en son haberleriyle g\u00fcncel kal\u0131n ve \u00f6nemli tekstil ve haz\u0131r giyim etkinliklerini ke\u015ffedin. Daha fazlas\u0131n\u0131 bul!","robots":{"index":"noindex","follow":"follow","max-snippet":"max-snippet:-1","max-image-preview":"max-image-preview:large","max-video-preview":"max-video-preview:-1"},"og_locale":"tr_TR","og_type":"article","og_title":"Tekstil ve Haz\u0131rgiyim d\u00fcnyas\u0131ndan haberler ve olaylar | Datatex","og_description":"Datatex'in en son haberleriyle g\u00fcncel kal\u0131n ve \u00f6nemli tekstil ve haz\u0131r giyim etkinliklerini ke\u015ffedin. Daha fazlas\u0131n\u0131 bul!","og_url":"https:\/\/staging.datatex.com\/news-eventi\/","og_site_name":"Datatex","article_modified_time":"2025-02-14T04:45:35+00:00","twitter_card":"summary_large_image","twitter_misc":{"Tahmini okuma s\u00fcresi":"2 dakika"},"schema":{"@context":"https:\/\/schema.org","@graph":[{"@type":"WebPage","@id":"https:\/\/staging.datatex.com\/news-eventi\/","url":"https:\/\/staging.datatex.com\/news-eventi\/","name":"Tekstil ve Haz\u0131rgiyim d\u00fcnyas\u0131ndan haberler ve olaylar | Datatex","isPartOf":{"@id":"https:\/\/staging.datatex.com\/#website"},"datePublished":"2019-03-08T09:15:11+00:00","dateModified":"2025-02-14T04:45:35+00:00","description":"Datatex'in en son haberleriyle g\u00fcncel kal\u0131n ve \u00f6nemli tekstil ve haz\u0131r giyim etkinliklerini ke\u015ffedin. Daha fazlas\u0131n\u0131 bul!","breadcrumb":{"@id":"https:\/\/staging.datatex.com\/news-eventi\/#breadcrumb"},"inLanguage":"tr","potentialAction":[{"@type":"ReadAction","target":["https:\/\/staging.datatex.com\/news-eventi\/"]}]},{"@type":"BreadcrumbList","@id":"https:\/\/staging.datatex.com\/news-eventi\/#breadcrumb","itemListElement":[{"@type":"ListItem","position":1,"name":"Datatex","item":"https:\/\/staging.datatex.com\/"},{"@type":"ListItem","position":2,"name":"Haberler"}]},{"@type":"WebSite","@id":"https:\/\/staging.datatex.com\/#website","url":"https:\/\/staging.datatex.com\/","name":"Datatex - We Make IT Work for You","description":"Datatex: We Make IT Work for You","publisher":{"@id":"https:\/\/staging.datatex.com\/#organization"},"potentialAction":[{"@type":"SearchAction","target":{"@type":"EntryPoint","urlTemplate":"https:\/\/staging.datatex.com\/?s={search_term_string}"},"query-input":{"@type":"PropertyValueSpecification","valueRequired":true,"valueName":"search_term_string"}}],"inLanguage":"tr"},{"@type":"Organization","@id":"https:\/\/staging.datatex.com\/#organization","name":"Datatex - We Make IT Work for You","url":"https:\/\/staging.datatex.com\/","logo":{"@type":"ImageObject","inLanguage":"tr","@id":"https:\/\/staging.datatex.com\/#\/schema\/logo\/image\/","url":"https:\/\/staging.datatex.com\/wp-content\/uploads\/2019\/09\/android-chrome-192x192-e1569404708453.png","contentUrl":"https:\/\/staging.datatex.com\/wp-content\/uploads\/2019\/09\/android-chrome-192x192-e1569404708453.png","width":192,"height":192,"caption":"Datatex - We Make IT Work for You"},"image":{"@id":"https:\/\/staging.datatex.com\/#\/schema\/logo\/image\/"},"sameAs":["https:\/\/www.linkedin.com\/company\/datatex\/"]}]}},"_links":{"self":[{"href":"https:\/\/staging.datatex.com\/tr\/wp-json\/wp\/v2\/pages\/4896","targetHints":{"allow":["GET"]}}],"collection":[{"href":"https:\/\/staging.datatex.com\/tr\/wp-json\/wp\/v2\/pages"}],"about":[{"href":"https:\/\/staging.datatex.com\/tr\/wp-json\/wp\/v2\/types\/page"}],"author":[{"embeddable":true,"href":"https:\/\/staging.datatex.com\/tr\/wp-json\/wp\/v2\/users\/1"}],"replies":[{"embeddable":true,"href":"https:\/\/staging.datatex.com\/tr\/wp-json\/wp\/v2\/comments?post=4896"}],"version-history":[{"count":5,"href":"https:\/\/staging.datatex.com\/tr\/wp-json\/wp\/v2\/pages\/4896\/revisions"}],"predecessor-version":[{"id":32389,"href":"https:\/\/staging.datatex.com\/tr\/wp-json\/wp\/v2\/pages\/4896\/revisions\/32389"}],"wp:attachment":[{"href":"https:\/\/staging.datatex.com\/tr\/wp-json\/wp\/v2\/media?parent=4896"}],"curies":[{"name":"wp","href":"https:\/\/api.w.org\/{rel}","templated":true}]}}