{"id":4761,"date":"2019-03-07T15:54:28","date_gmt":"2019-03-07T15:54:28","guid":{"rendered":"https:\/\/staging.datatex.com\/privacy-policy\/"},"modified":"2025-02-14T03:33:28","modified_gmt":"2025-02-14T03:33:28","slug":"privacy-policy","status":"publish","type":"page","link":"https:\/\/staging.datatex.com\/tr\/privacy-policy\/","title":{"rendered":"Gizlilik Politikas\u0131"},"content":{"rendered":"<div class=\"fusion-fullwidth fullwidth-box fusion-builder-row-1 nonhundred-percent-fullwidth non-hundred-percent-height-scrolling\" style=\"--awb-border-radius-top-left:0px;--awb-border-radius-top-right:0px;--awb-border-radius-bottom-right:0px;--awb-border-radius-bottom-left:0px;--awb-flex-wrap:wrap;\" ><div class=\"fusion-builder-row fusion-row\"><div class=\"fusion-layout-column fusion_builder_column fusion-builder-column-0 fusion_builder_column_1_1 1_1 fusion-one-full fusion-column-first fusion-column-last\" style=\"--awb-bg-size:cover;\"><div class=\"fusion-column-wrapper fusion-column-has-shadow fusion-flex-column-wrapper-legacy\"><div class=\"fusion-title title fusion-title-1 fusion-sep-none fusion-title-text fusion-title-size-one\"><h1 class=\"fusion-title-heading title-heading-left\" style=\"margin:0;\">Datatex | Gizlilik Politikas\u0131<\/h1><\/div><div class=\"fusion-title title fusion-title-2 fusion-sep-none fusion-title-text fusion-title-size-two\"><h2 class=\"fusion-title-heading title-heading-left\" style=\"margin:0;\">Ki\u015fisel Bilgilerin Korunmas\u0131<\/h2><\/div><div class=\"fusion-text fusion-text-1\"><p>Datatex, \u015eirkete veya Hizmetin Kullan\u0131c\u0131lar\u0131na onlarla ileti\u015fim kurma izni veren herhangi bir tarafa ait t\u00fcm bilgileri korur ve bu bilgileri ba\u015fka hi\u00e7bir tarafla payla\u015fmaz. Servisin sa\u011flanmas\u0131 ile ilgili olarak, Datatex a\u015fa\u011f\u0131daki bilgileri toplar ve saklar:<\/p>\n<\/div><div class=\"fusion-text fusion-text-2 margin-left-50\"><ul style=\"list-style: circle !important;\">\n<li>Ziyaret\u00e7ilerden bu Web sitesine gelen anonim bilgiler<\/li>\n<li>B\u00fcltenimize abone olan bu Web sitesine gelen ziyaret\u00e7ilerden ki\u015fisel bilgiler (\u00f6rne\u011fin, ad ve e-posta adresi)<br \/>\n<h2>Anonim Bilgilerin Kullan\u0131m\u0131<\/h2>\n<p>\u015eirketimizi daha etkin bir \u015fekilde \u00e7al\u0131\u015ft\u0131rmak ve zaman i\u00e7inde geli\u015ftirmek i\u00e7in Anonim Bilgi kullan\u0131yoruz. \u00d6rne\u011fin, kulland\u0131\u011f\u0131n\u0131z taray\u0131c\u0131 t\u00fcr\u00fcn\u00fc tespit edebiliriz. Benzer \u015fekilde, co\u011frafi konumunuzu saptamaya \u00e7al\u0131\u015fabilir ve sizi ihtiya\u00e7lar\u0131n\u0131z\u0131 daha iyi kar\u015f\u0131layabilecek bir dilde yaz\u0131lm\u0131\u015f bir Web sitesinin s\u00fcr\u00fcm\u00fcne y\u00f6nlendirebiliriz.<\/p>\n<h2>Ki\u015fisel Bilgilerin Kullan\u0131m\u0131<\/h2>\n<p>Ki\u015fisel Bilgileri hi\u00e7bir zaman bu Gizlilik Politikas\u0131nda a\u00e7\u0131klananlarla ilgili olmayan \u015fekillerde kullanmay\u0131z veya payla\u015fmay\u0131z ve gelecekte ilginizi \u00e7ekmeyen kullan\u0131mlardan vazge\u00e7me veya ba\u015fka \u015fekilde yasaklama f\u0131rsat\u0131 vermeden bunu yapmayaca\u011f\u0131z.<\/li>\n<\/ul>\n<\/div><div class=\"fusion-text fusion-text-3\"><p>Bu Politika hakk\u0131nda sorular\u0131n\u0131z varsa veya daha fazla bilgiye ihtiya\u00e7 duyarsan\u0131z, bizimle ileti\u015fime ge\u00e7ebilirsiniz: marketing@staging.datatex.com<\/p>\n<\/div><div class=\"fusion-clearfix\"><\/div><\/div><\/div><\/div><\/div>\n","protected":false},"excerpt":{"rendered":"","protected":false},"author":1,"featured_media":0,"parent":0,"menu_order":0,"comment_status":"closed","ping_status":"open","template":"","meta":{"footnotes":""},"class_list":["post-4761","page","type-page","status-publish","hentry"],"yoast_head":"<!-- This site is optimized with the Yoast SEO plugin v25.5 - https:\/\/yoast.com\/wordpress\/plugins\/seo\/ -->\n<title>Gizlilik Politikas\u0131 - Datatex<\/title>\n<meta name=\"robots\" content=\"noindex, follow, max-snippet:-1, max-image-preview:large, max-video-preview:-1\" \/>\n<meta property=\"og:locale\" content=\"tr_TR\" \/>\n<meta property=\"og:type\" content=\"article\" \/>\n<meta property=\"og:title\" content=\"Gizlilik Politikas\u0131 - Datatex\" \/>\n<meta property=\"og:url\" content=\"https:\/\/staging.datatex.com\/privacy-policy\/\" \/>\n<meta property=\"og:site_name\" content=\"Datatex\" \/>\n<meta property=\"article:modified_time\" content=\"2025-02-14T03:33:28+00:00\" \/>\n<meta name=\"twitter:card\" content=\"summary_large_image\" \/>\n<meta name=\"twitter:label1\" content=\"Tahmini okuma s\u00fcresi\" \/>\n\t<meta name=\"twitter:data1\" content=\"1 dakika\" \/>\n<script type=\"application\/ld+json\" class=\"yoast-schema-graph\">{\"@context\":\"https:\/\/schema.org\",\"@graph\":[{\"@type\":\"WebPage\",\"@id\":\"https:\/\/staging.datatex.com\/privacy-policy\/\",\"url\":\"https:\/\/staging.datatex.com\/privacy-policy\/\",\"name\":\"Gizlilik Politikas\u0131 - Datatex\",\"isPartOf\":{\"@id\":\"https:\/\/staging.datatex.com\/#website\"},\"datePublished\":\"2019-03-07T15:54:28+00:00\",\"dateModified\":\"2025-02-14T03:33:28+00:00\",\"breadcrumb\":{\"@id\":\"https:\/\/staging.datatex.com\/privacy-policy\/#breadcrumb\"},\"inLanguage\":\"tr\",\"potentialAction\":[{\"@type\":\"ReadAction\",\"target\":[\"https:\/\/staging.datatex.com\/privacy-policy\/\"]}]},{\"@type\":\"BreadcrumbList\",\"@id\":\"https:\/\/staging.datatex.com\/privacy-policy\/#breadcrumb\",\"itemListElement\":[{\"@type\":\"ListItem\",\"position\":1,\"name\":\"Datatex\",\"item\":\"https:\/\/staging.datatex.com\/\"},{\"@type\":\"ListItem\",\"position\":2,\"name\":\"Gizlilik Politikas\u0131\"}]},{\"@type\":\"WebSite\",\"@id\":\"https:\/\/staging.datatex.com\/#website\",\"url\":\"https:\/\/staging.datatex.com\/\",\"name\":\"Datatex - We Make IT Work for You\",\"description\":\"Datatex: We Make IT Work for You\",\"publisher\":{\"@id\":\"https:\/\/staging.datatex.com\/#organization\"},\"potentialAction\":[{\"@type\":\"SearchAction\",\"target\":{\"@type\":\"EntryPoint\",\"urlTemplate\":\"https:\/\/staging.datatex.com\/?s={search_term_string}\"},\"query-input\":{\"@type\":\"PropertyValueSpecification\",\"valueRequired\":true,\"valueName\":\"search_term_string\"}}],\"inLanguage\":\"tr\"},{\"@type\":\"Organization\",\"@id\":\"https:\/\/staging.datatex.com\/#organization\",\"name\":\"Datatex - We Make IT Work for You\",\"url\":\"https:\/\/staging.datatex.com\/\",\"logo\":{\"@type\":\"ImageObject\",\"inLanguage\":\"tr\",\"@id\":\"https:\/\/staging.datatex.com\/#\/schema\/logo\/image\/\",\"url\":\"https:\/\/staging.datatex.com\/wp-content\/uploads\/2019\/09\/android-chrome-192x192-e1569404708453.png\",\"contentUrl\":\"https:\/\/staging.datatex.com\/wp-content\/uploads\/2019\/09\/android-chrome-192x192-e1569404708453.png\",\"width\":192,\"height\":192,\"caption\":\"Datatex - We Make IT Work for You\"},\"image\":{\"@id\":\"https:\/\/staging.datatex.com\/#\/schema\/logo\/image\/\"},\"sameAs\":[\"https:\/\/www.linkedin.com\/company\/datatex\/\"]}]}<\/script>\n<!-- \/ Yoast SEO plugin. -->","yoast_head_json":{"title":"Gizlilik Politikas\u0131 - Datatex","robots":{"index":"noindex","follow":"follow","max-snippet":"max-snippet:-1","max-image-preview":"max-image-preview:large","max-video-preview":"max-video-preview:-1"},"og_locale":"tr_TR","og_type":"article","og_title":"Gizlilik Politikas\u0131 - Datatex","og_url":"https:\/\/staging.datatex.com\/privacy-policy\/","og_site_name":"Datatex","article_modified_time":"2025-02-14T03:33:28+00:00","twitter_card":"summary_large_image","twitter_misc":{"Tahmini okuma s\u00fcresi":"1 dakika"},"schema":{"@context":"https:\/\/schema.org","@graph":[{"@type":"WebPage","@id":"https:\/\/staging.datatex.com\/privacy-policy\/","url":"https:\/\/staging.datatex.com\/privacy-policy\/","name":"Gizlilik Politikas\u0131 - Datatex","isPartOf":{"@id":"https:\/\/staging.datatex.com\/#website"},"datePublished":"2019-03-07T15:54:28+00:00","dateModified":"2025-02-14T03:33:28+00:00","breadcrumb":{"@id":"https:\/\/staging.datatex.com\/privacy-policy\/#breadcrumb"},"inLanguage":"tr","potentialAction":[{"@type":"ReadAction","target":["https:\/\/staging.datatex.com\/privacy-policy\/"]}]},{"@type":"BreadcrumbList","@id":"https:\/\/staging.datatex.com\/privacy-policy\/#breadcrumb","itemListElement":[{"@type":"ListItem","position":1,"name":"Datatex","item":"https:\/\/staging.datatex.com\/"},{"@type":"ListItem","position":2,"name":"Gizlilik Politikas\u0131"}]},{"@type":"WebSite","@id":"https:\/\/staging.datatex.com\/#website","url":"https:\/\/staging.datatex.com\/","name":"Datatex - We Make IT Work for You","description":"Datatex: We Make IT Work for You","publisher":{"@id":"https:\/\/staging.datatex.com\/#organization"},"potentialAction":[{"@type":"SearchAction","target":{"@type":"EntryPoint","urlTemplate":"https:\/\/staging.datatex.com\/?s={search_term_string}"},"query-input":{"@type":"PropertyValueSpecification","valueRequired":true,"valueName":"search_term_string"}}],"inLanguage":"tr"},{"@type":"Organization","@id":"https:\/\/staging.datatex.com\/#organization","name":"Datatex - We Make IT Work for You","url":"https:\/\/staging.datatex.com\/","logo":{"@type":"ImageObject","inLanguage":"tr","@id":"https:\/\/staging.datatex.com\/#\/schema\/logo\/image\/","url":"https:\/\/staging.datatex.com\/wp-content\/uploads\/2019\/09\/android-chrome-192x192-e1569404708453.png","contentUrl":"https:\/\/staging.datatex.com\/wp-content\/uploads\/2019\/09\/android-chrome-192x192-e1569404708453.png","width":192,"height":192,"caption":"Datatex - We Make IT Work for You"},"image":{"@id":"https:\/\/staging.datatex.com\/#\/schema\/logo\/image\/"},"sameAs":["https:\/\/www.linkedin.com\/company\/datatex\/"]}]}},"_links":{"self":[{"href":"https:\/\/staging.datatex.com\/tr\/wp-json\/wp\/v2\/pages\/4761","targetHints":{"allow":["GET"]}}],"collection":[{"href":"https:\/\/staging.datatex.com\/tr\/wp-json\/wp\/v2\/pages"}],"about":[{"href":"https:\/\/staging.datatex.com\/tr\/wp-json\/wp\/v2\/types\/page"}],"author":[{"embeddable":true,"href":"https:\/\/staging.datatex.com\/tr\/wp-json\/wp\/v2\/users\/1"}],"replies":[{"embeddable":true,"href":"https:\/\/staging.datatex.com\/tr\/wp-json\/wp\/v2\/comments?post=4761"}],"version-history":[{"count":4,"href":"https:\/\/staging.datatex.com\/tr\/wp-json\/wp\/v2\/pages\/4761\/revisions"}],"predecessor-version":[{"id":17888916,"href":"https:\/\/staging.datatex.com\/tr\/wp-json\/wp\/v2\/pages\/4761\/revisions\/17888916"}],"wp:attachment":[{"href":"https:\/\/staging.datatex.com\/tr\/wp-json\/wp\/v2\/media?parent=4761"}],"curies":[{"name":"wp","href":"https:\/\/api.w.org\/{rel}","templated":true}]}}