{"id":25667,"date":"2021-12-01T14:37:05","date_gmt":"2021-12-01T14:37:05","guid":{"rendered":"https:\/\/staging.datatex.com\/?page_id=25667"},"modified":"2025-06-16T12:28:53","modified_gmt":"2025-06-16T12:28:53","slug":"danismanlik-randevusu-alin","status":"publish","type":"page","link":"https:\/\/staging.datatex.com\/tr\/danismanlik-randevusu-alin\/","title":{"rendered":"Dan\u0131\u015fmanl\u0131k randevusu al\u0131n"},"content":{"rendered":"<div class=\"fusion-fullwidth fullwidth-box fusion-builder-row-1 nonhundred-percent-fullwidth non-hundred-percent-height-scrolling\" style=\"--awb-border-radius-top-left:0px;--awb-border-radius-top-right:0px;--awb-border-radius-bottom-right:0px;--awb-border-radius-bottom-left:0px;--awb-padding-bottom:50px;--awb-flex-wrap:wrap;\" ><div class=\"fusion-builder-row fusion-row\"><div class=\"fusion-layout-column fusion_builder_column fusion-builder-column-0 fusion_builder_column_1_1 1_1 fusion-one-full fusion-column-first fusion-column-last\" style=\"--awb-bg-size:cover;\"><div class=\"fusion-column-wrapper fusion-column-has-shadow fusion-flex-column-wrapper-legacy\"><div class=\"fusion-text fusion-text-1\" style=\"--awb-margin-top:2rem;--awb-margin-right:10%;--awb-margin-left:10%;\"><p style=\"text-align: center;\">Uzmanlar\u0131m\u0131zdan biriyle \u00fccretsiz bir tan\u0131t\u0131m veya dan\u0131\u015fma g\u00f6r\u00fc\u015fmesi planlamak i\u00e7in uygun tarih ve saati se\u00e7meniz yeterlidir. Gerekli t\u00fcm bilgileri doldurduktan sonra, bekleyen talebinizle ilgili bir e-posta bildirimi alacaks\u0131n\u0131z ve k\u0131sa bir s\u00fcre sonra sizinle ileti\u015fime ge\u00e7ece\u011fiz.<\/p>\n<\/div><!-- Calendly inline widget begin -->\n<style>\nmain#main {\n  padding: 0;\n}\n.calendly-inline-widget {\n  min-width: 320px;\n  height: 750px;\n}\n<\/style>\n<div\n    class=\"calendly-inline-widget\"\n    data-url=\"https:\/\/calendly.com\/datatex\/danismanlik-randevusu-alin?text_color=6f6f6f&primary_color=ff7800\">\n<\/div>\n<script type=\"text\/javascript\" src=\"https:\/\/assets.calendly.com\/assets\/external\/widget.js\" async><\/script>\n<!-- Calendly inline widget end --><div class=\"fusion-clearfix\"><\/div><\/div><\/div><\/div><\/div>\n","protected":false},"excerpt":{"rendered":"","protected":false},"author":7,"featured_media":0,"parent":0,"menu_order":0,"comment_status":"closed","ping_status":"closed","template":"","meta":{"footnotes":""},"class_list":["post-25667","page","type-page","status-publish","hentry"],"yoast_head":"<!-- This site is optimized with the Yoast SEO plugin v25.5 - https:\/\/yoast.com\/wordpress\/plugins\/seo\/ -->\n<title>\u00dccretsiz dan\u0131\u015fmanl\u0131k i\u00e7in randevu al\u0131n | Datatex<\/title>\n<meta name=\"description\" content=\"\u015eimdi bizimle \u00fccretsiz bir dan\u0131\u015fmanl\u0131k g\u00f6r\u00fc\u015fmesi ayarlay\u0131n! Tercih etti\u011finiz dili, tarihi ve saati se\u00e7in ve en k\u0131sa s\u00fcrede e-postayla bir onay al\u0131n.\" \/>\n<meta name=\"robots\" content=\"noindex, follow, max-snippet:-1, max-image-preview:large, max-video-preview:-1\" \/>\n<meta property=\"og:locale\" content=\"tr_TR\" \/>\n<meta property=\"og:type\" content=\"article\" \/>\n<meta property=\"og:title\" content=\"\u00dccretsiz dan\u0131\u015fmanl\u0131k i\u00e7in randevu al\u0131n | Datatex\" \/>\n<meta property=\"og:description\" content=\"\u015eimdi bizimle \u00fccretsiz bir dan\u0131\u015fmanl\u0131k g\u00f6r\u00fc\u015fmesi ayarlay\u0131n! Tercih etti\u011finiz dili, tarihi ve saati se\u00e7in ve en k\u0131sa s\u00fcrede e-postayla bir onay al\u0131n.\" \/>\n<meta property=\"og:url\" content=\"https:\/\/staging.datatex.com\/tr\/danismanlik-randevusu-alin\/\" \/>\n<meta property=\"og:site_name\" content=\"Datatex\" \/>\n<meta property=\"article:modified_time\" content=\"2025-06-16T12:28:53+00:00\" \/>\n<meta name=\"twitter:card\" content=\"summary_large_image\" \/>\n<meta name=\"twitter:label1\" content=\"Tahmini okuma s\u00fcresi\" \/>\n\t<meta name=\"twitter:data1\" content=\"1 dakika\" \/>\n<script type=\"application\/ld+json\" class=\"yoast-schema-graph\">{\"@context\":\"https:\/\/schema.org\",\"@graph\":[{\"@type\":\"WebPage\",\"@id\":\"https:\/\/staging.datatex.com\/tr\/danismanlik-randevusu-alin\/\",\"url\":\"https:\/\/staging.datatex.com\/tr\/danismanlik-randevusu-alin\/\",\"name\":\"\u00dccretsiz dan\u0131\u015fmanl\u0131k i\u00e7in randevu al\u0131n | Datatex\",\"isPartOf\":{\"@id\":\"https:\/\/staging.datatex.com\/#website\"},\"datePublished\":\"2021-12-01T14:37:05+00:00\",\"dateModified\":\"2025-06-16T12:28:53+00:00\",\"description\":\"\u015eimdi bizimle \u00fccretsiz bir dan\u0131\u015fmanl\u0131k g\u00f6r\u00fc\u015fmesi ayarlay\u0131n! Tercih etti\u011finiz dili, tarihi ve saati se\u00e7in ve en k\u0131sa s\u00fcrede e-postayla bir onay al\u0131n.\",\"breadcrumb\":{\"@id\":\"https:\/\/staging.datatex.com\/tr\/danismanlik-randevusu-alin\/#breadcrumb\"},\"inLanguage\":\"tr\",\"potentialAction\":[{\"@type\":\"ReadAction\",\"target\":[\"https:\/\/staging.datatex.com\/tr\/danismanlik-randevusu-alin\/\"]}]},{\"@type\":\"BreadcrumbList\",\"@id\":\"https:\/\/staging.datatex.com\/tr\/danismanlik-randevusu-alin\/#breadcrumb\",\"itemListElement\":[{\"@type\":\"ListItem\",\"position\":1,\"name\":\"Datatex\",\"item\":\"https:\/\/staging.datatex.com\/\"},{\"@type\":\"ListItem\",\"position\":2,\"name\":\"Dan\u0131\u015fmanl\u0131k randevusu al\u0131n\"}]},{\"@type\":\"WebSite\",\"@id\":\"https:\/\/staging.datatex.com\/#website\",\"url\":\"https:\/\/staging.datatex.com\/\",\"name\":\"Datatex - We Make IT Work for You\",\"description\":\"Datatex: We Make IT Work for You\",\"publisher\":{\"@id\":\"https:\/\/staging.datatex.com\/#organization\"},\"potentialAction\":[{\"@type\":\"SearchAction\",\"target\":{\"@type\":\"EntryPoint\",\"urlTemplate\":\"https:\/\/staging.datatex.com\/?s={search_term_string}\"},\"query-input\":{\"@type\":\"PropertyValueSpecification\",\"valueRequired\":true,\"valueName\":\"search_term_string\"}}],\"inLanguage\":\"tr\"},{\"@type\":\"Organization\",\"@id\":\"https:\/\/staging.datatex.com\/#organization\",\"name\":\"Datatex - We Make IT Work for You\",\"url\":\"https:\/\/staging.datatex.com\/\",\"logo\":{\"@type\":\"ImageObject\",\"inLanguage\":\"tr\",\"@id\":\"https:\/\/staging.datatex.com\/#\/schema\/logo\/image\/\",\"url\":\"https:\/\/staging.datatex.com\/wp-content\/uploads\/2019\/09\/android-chrome-192x192-e1569404708453.png\",\"contentUrl\":\"https:\/\/staging.datatex.com\/wp-content\/uploads\/2019\/09\/android-chrome-192x192-e1569404708453.png\",\"width\":192,\"height\":192,\"caption\":\"Datatex - We Make IT Work for You\"},\"image\":{\"@id\":\"https:\/\/staging.datatex.com\/#\/schema\/logo\/image\/\"},\"sameAs\":[\"https:\/\/www.linkedin.com\/company\/datatex\/\"]}]}<\/script>\n<!-- \/ Yoast SEO plugin. -->","yoast_head_json":{"title":"\u00dccretsiz dan\u0131\u015fmanl\u0131k i\u00e7in randevu al\u0131n | Datatex","description":"\u015eimdi bizimle \u00fccretsiz bir dan\u0131\u015fmanl\u0131k g\u00f6r\u00fc\u015fmesi ayarlay\u0131n! Tercih etti\u011finiz dili, tarihi ve saati se\u00e7in ve en k\u0131sa s\u00fcrede e-postayla bir onay al\u0131n.","robots":{"index":"noindex","follow":"follow","max-snippet":"max-snippet:-1","max-image-preview":"max-image-preview:large","max-video-preview":"max-video-preview:-1"},"og_locale":"tr_TR","og_type":"article","og_title":"\u00dccretsiz dan\u0131\u015fmanl\u0131k i\u00e7in randevu al\u0131n | Datatex","og_description":"\u015eimdi bizimle \u00fccretsiz bir dan\u0131\u015fmanl\u0131k g\u00f6r\u00fc\u015fmesi ayarlay\u0131n! Tercih etti\u011finiz dili, tarihi ve saati se\u00e7in ve en k\u0131sa s\u00fcrede e-postayla bir onay al\u0131n.","og_url":"https:\/\/staging.datatex.com\/tr\/danismanlik-randevusu-alin\/","og_site_name":"Datatex","article_modified_time":"2025-06-16T12:28:53+00:00","twitter_card":"summary_large_image","twitter_misc":{"Tahmini okuma s\u00fcresi":"1 dakika"},"schema":{"@context":"https:\/\/schema.org","@graph":[{"@type":"WebPage","@id":"https:\/\/staging.datatex.com\/tr\/danismanlik-randevusu-alin\/","url":"https:\/\/staging.datatex.com\/tr\/danismanlik-randevusu-alin\/","name":"\u00dccretsiz dan\u0131\u015fmanl\u0131k i\u00e7in randevu al\u0131n | Datatex","isPartOf":{"@id":"https:\/\/staging.datatex.com\/#website"},"datePublished":"2021-12-01T14:37:05+00:00","dateModified":"2025-06-16T12:28:53+00:00","description":"\u015eimdi bizimle \u00fccretsiz bir dan\u0131\u015fmanl\u0131k g\u00f6r\u00fc\u015fmesi ayarlay\u0131n! Tercih etti\u011finiz dili, tarihi ve saati se\u00e7in ve en k\u0131sa s\u00fcrede e-postayla bir onay al\u0131n.","breadcrumb":{"@id":"https:\/\/staging.datatex.com\/tr\/danismanlik-randevusu-alin\/#breadcrumb"},"inLanguage":"tr","potentialAction":[{"@type":"ReadAction","target":["https:\/\/staging.datatex.com\/tr\/danismanlik-randevusu-alin\/"]}]},{"@type":"BreadcrumbList","@id":"https:\/\/staging.datatex.com\/tr\/danismanlik-randevusu-alin\/#breadcrumb","itemListElement":[{"@type":"ListItem","position":1,"name":"Datatex","item":"https:\/\/staging.datatex.com\/"},{"@type":"ListItem","position":2,"name":"Dan\u0131\u015fmanl\u0131k randevusu al\u0131n"}]},{"@type":"WebSite","@id":"https:\/\/staging.datatex.com\/#website","url":"https:\/\/staging.datatex.com\/","name":"Datatex - We Make IT Work for You","description":"Datatex: We Make IT Work for You","publisher":{"@id":"https:\/\/staging.datatex.com\/#organization"},"potentialAction":[{"@type":"SearchAction","target":{"@type":"EntryPoint","urlTemplate":"https:\/\/staging.datatex.com\/?s={search_term_string}"},"query-input":{"@type":"PropertyValueSpecification","valueRequired":true,"valueName":"search_term_string"}}],"inLanguage":"tr"},{"@type":"Organization","@id":"https:\/\/staging.datatex.com\/#organization","name":"Datatex - We Make IT Work for You","url":"https:\/\/staging.datatex.com\/","logo":{"@type":"ImageObject","inLanguage":"tr","@id":"https:\/\/staging.datatex.com\/#\/schema\/logo\/image\/","url":"https:\/\/staging.datatex.com\/wp-content\/uploads\/2019\/09\/android-chrome-192x192-e1569404708453.png","contentUrl":"https:\/\/staging.datatex.com\/wp-content\/uploads\/2019\/09\/android-chrome-192x192-e1569404708453.png","width":192,"height":192,"caption":"Datatex - We Make IT Work for You"},"image":{"@id":"https:\/\/staging.datatex.com\/#\/schema\/logo\/image\/"},"sameAs":["https:\/\/www.linkedin.com\/company\/datatex\/"]}]}},"_links":{"self":[{"href":"https:\/\/staging.datatex.com\/tr\/wp-json\/wp\/v2\/pages\/25667","targetHints":{"allow":["GET"]}}],"collection":[{"href":"https:\/\/staging.datatex.com\/tr\/wp-json\/wp\/v2\/pages"}],"about":[{"href":"https:\/\/staging.datatex.com\/tr\/wp-json\/wp\/v2\/types\/page"}],"author":[{"embeddable":true,"href":"https:\/\/staging.datatex.com\/tr\/wp-json\/wp\/v2\/users\/7"}],"replies":[{"embeddable":true,"href":"https:\/\/staging.datatex.com\/tr\/wp-json\/wp\/v2\/comments?post=25667"}],"version-history":[{"count":8,"href":"https:\/\/staging.datatex.com\/tr\/wp-json\/wp\/v2\/pages\/25667\/revisions"}],"predecessor-version":[{"id":17892984,"href":"https:\/\/staging.datatex.com\/tr\/wp-json\/wp\/v2\/pages\/25667\/revisions\/17892984"}],"wp:attachment":[{"href":"https:\/\/staging.datatex.com\/tr\/wp-json\/wp\/v2\/media?parent=25667"}],"curies":[{"name":"wp","href":"https:\/\/api.w.org\/{rel}","templated":true}]}}