{"id":25661,"date":"2021-12-01T14:11:14","date_gmt":"2021-12-01T14:11:14","guid":{"rendered":"https:\/\/staging.datatex.com\/?page_id=25661"},"modified":"2025-06-16T11:57:18","modified_gmt":"2025-06-16T11:57:18","slug":"prendre-rendez-vous-avec-nous","status":"publish","type":"page","link":"https:\/\/staging.datatex.com\/fr\/prendre-rendez-vous-avec-nous\/","title":{"rendered":"Prendre rendez-vous avec nous"},"content":{"rendered":"<div class=\"fusion-fullwidth fullwidth-box fusion-builder-row-1 nonhundred-percent-fullwidth non-hundred-percent-height-scrolling\" style=\"--awb-border-radius-top-left:0px;--awb-border-radius-top-right:0px;--awb-border-radius-bottom-right:0px;--awb-border-radius-bottom-left:0px;--awb-padding-bottom:50px;--awb-flex-wrap:wrap;\" ><div class=\"fusion-builder-row fusion-row\"><div class=\"fusion-layout-column fusion_builder_column fusion-builder-column-0 fusion_builder_column_1_1 1_1 fusion-one-full fusion-column-first fusion-column-last\" style=\"--awb-bg-size:cover;\"><div class=\"fusion-column-wrapper fusion-column-has-shadow fusion-flex-column-wrapper-legacy\"><div class=\"fusion-text fusion-text-1\" style=\"--awb-margin-top:2rem;--awb-margin-right:10%;--awb-margin-left:10%;\"><p style=\"text-align: center;\">Pour planifier une d\u00e9monstration gratuite ou une consultation gratuite avec l&rsquo;un de nos experts, il suffit de choisir la date et l&rsquo;heure disponibles. Une fois que vous aurez rempli toutes les informations requises, vous recevrez une notification par courrier \u00e9lectronique avec votre demande en attente et serez contact\u00e9 peu apr\u00e8s.<\/p>\n<\/div><!-- Calendly inline widget begin -->\n<style>\nmain#main {\n  padding: 0;\n}\n.calendly-inline-widget {\n  min-width: 320px;\n  height: 750px;\n}\n<\/style>\n<div\n    class=\"calendly-inline-widget\"\n    data-url=\"https:\/\/calendly.com\/datatex\/prendre-rendez-vous-avec-nous?text_color=6f6f6f&primary_color=ff7800\">\n<\/div>\n<script type=\"text\/javascript\" src=\"https:\/\/assets.calendly.com\/assets\/external\/widget.js\" async><\/script>\n<!-- Calendly inline widget end --><div class=\"fusion-clearfix\"><\/div><\/div><\/div><\/div><\/div>\n","protected":false},"excerpt":{"rendered":"","protected":false},"author":7,"featured_media":0,"parent":0,"menu_order":0,"comment_status":"closed","ping_status":"closed","template":"","meta":{"footnotes":""},"class_list":["post-25661","page","type-page","status-publish","hentry"],"yoast_head":"<!-- This site is optimized with the Yoast SEO plugin v25.5 - https:\/\/yoast.com\/wordpress\/plugins\/seo\/ -->\n<title>Prendre rendez-vous avec nous | Datatex Consultation gratuite<\/title>\n<meta name=\"description\" content=\"R\u00e9servez une consultation gratuite avec nous. Choisissez la langue, la date, l&#039;heure et recevez votre confirmation par e-mail.\" \/>\n<meta name=\"robots\" content=\"noindex, follow, max-snippet:-1, max-image-preview:large, max-video-preview:-1\" \/>\n<meta property=\"og:locale\" content=\"fr_FR\" \/>\n<meta property=\"og:type\" content=\"article\" \/>\n<meta property=\"og:title\" content=\"Prendre rendez-vous avec nous | Datatex Consultation gratuite\" \/>\n<meta property=\"og:description\" content=\"R\u00e9servez une consultation gratuite avec nous. Choisissez la langue, la date, l&#039;heure et recevez votre confirmation par e-mail.\" \/>\n<meta property=\"og:url\" content=\"https:\/\/staging.datatex.com\/fr\/prendre-rendez-vous-avec-nous\/\" \/>\n<meta property=\"og:site_name\" content=\"Datatex\" \/>\n<meta property=\"article:modified_time\" content=\"2025-06-16T11:57:18+00:00\" \/>\n<meta name=\"twitter:card\" content=\"summary_large_image\" \/>\n<meta name=\"twitter:label1\" content=\"Dur\u00e9e de lecture estim\u00e9e\" \/>\n\t<meta name=\"twitter:data1\" content=\"1 minute\" \/>\n<script type=\"application\/ld+json\" class=\"yoast-schema-graph\">{\"@context\":\"https:\/\/schema.org\",\"@graph\":[{\"@type\":\"WebPage\",\"@id\":\"https:\/\/staging.datatex.com\/fr\/prendre-rendez-vous-avec-nous\/\",\"url\":\"https:\/\/staging.datatex.com\/fr\/prendre-rendez-vous-avec-nous\/\",\"name\":\"Prendre rendez-vous avec nous | Datatex Consultation gratuite\",\"isPartOf\":{\"@id\":\"https:\/\/staging.datatex.com\/#website\"},\"datePublished\":\"2021-12-01T14:11:14+00:00\",\"dateModified\":\"2025-06-16T11:57:18+00:00\",\"description\":\"R\u00e9servez une consultation gratuite avec nous. Choisissez la langue, la date, l'heure et recevez votre confirmation par e-mail.\",\"breadcrumb\":{\"@id\":\"https:\/\/staging.datatex.com\/fr\/prendre-rendez-vous-avec-nous\/#breadcrumb\"},\"inLanguage\":\"fr-FR\",\"potentialAction\":[{\"@type\":\"ReadAction\",\"target\":[\"https:\/\/staging.datatex.com\/fr\/prendre-rendez-vous-avec-nous\/\"]}]},{\"@type\":\"BreadcrumbList\",\"@id\":\"https:\/\/staging.datatex.com\/fr\/prendre-rendez-vous-avec-nous\/#breadcrumb\",\"itemListElement\":[{\"@type\":\"ListItem\",\"position\":1,\"name\":\"Datatex\",\"item\":\"https:\/\/staging.datatex.com\/fr\/\"},{\"@type\":\"ListItem\",\"position\":2,\"name\":\"Prendre rendez-vous avec nous\"}]},{\"@type\":\"WebSite\",\"@id\":\"https:\/\/staging.datatex.com\/#website\",\"url\":\"https:\/\/staging.datatex.com\/\",\"name\":\"Datatex - We Make IT Work for You\",\"description\":\"Datatex: We Make IT Work for You\",\"publisher\":{\"@id\":\"https:\/\/staging.datatex.com\/#organization\"},\"potentialAction\":[{\"@type\":\"SearchAction\",\"target\":{\"@type\":\"EntryPoint\",\"urlTemplate\":\"https:\/\/staging.datatex.com\/?s={search_term_string}\"},\"query-input\":{\"@type\":\"PropertyValueSpecification\",\"valueRequired\":true,\"valueName\":\"search_term_string\"}}],\"inLanguage\":\"fr-FR\"},{\"@type\":\"Organization\",\"@id\":\"https:\/\/staging.datatex.com\/#organization\",\"name\":\"Datatex - We Make IT Work for You\",\"url\":\"https:\/\/staging.datatex.com\/\",\"logo\":{\"@type\":\"ImageObject\",\"inLanguage\":\"fr-FR\",\"@id\":\"https:\/\/staging.datatex.com\/#\/schema\/logo\/image\/\",\"url\":\"https:\/\/staging.datatex.com\/wp-content\/uploads\/2019\/09\/android-chrome-192x192-e1569404708453.png\",\"contentUrl\":\"https:\/\/staging.datatex.com\/wp-content\/uploads\/2019\/09\/android-chrome-192x192-e1569404708453.png\",\"width\":192,\"height\":192,\"caption\":\"Datatex - We Make IT Work for You\"},\"image\":{\"@id\":\"https:\/\/staging.datatex.com\/#\/schema\/logo\/image\/\"},\"sameAs\":[\"https:\/\/www.linkedin.com\/company\/datatex\/\"]}]}<\/script>\n<!-- \/ Yoast SEO plugin. -->","yoast_head_json":{"title":"Prendre rendez-vous avec nous | Datatex Consultation gratuite","description":"R\u00e9servez une consultation gratuite avec nous. Choisissez la langue, la date, l'heure et recevez votre confirmation par e-mail.","robots":{"index":"noindex","follow":"follow","max-snippet":"max-snippet:-1","max-image-preview":"max-image-preview:large","max-video-preview":"max-video-preview:-1"},"og_locale":"fr_FR","og_type":"article","og_title":"Prendre rendez-vous avec nous | Datatex Consultation gratuite","og_description":"R\u00e9servez une consultation gratuite avec nous. Choisissez la langue, la date, l'heure et recevez votre confirmation par e-mail.","og_url":"https:\/\/staging.datatex.com\/fr\/prendre-rendez-vous-avec-nous\/","og_site_name":"Datatex","article_modified_time":"2025-06-16T11:57:18+00:00","twitter_card":"summary_large_image","twitter_misc":{"Dur\u00e9e de lecture estim\u00e9e":"1 minute"},"schema":{"@context":"https:\/\/schema.org","@graph":[{"@type":"WebPage","@id":"https:\/\/staging.datatex.com\/fr\/prendre-rendez-vous-avec-nous\/","url":"https:\/\/staging.datatex.com\/fr\/prendre-rendez-vous-avec-nous\/","name":"Prendre rendez-vous avec nous | Datatex Consultation gratuite","isPartOf":{"@id":"https:\/\/staging.datatex.com\/#website"},"datePublished":"2021-12-01T14:11:14+00:00","dateModified":"2025-06-16T11:57:18+00:00","description":"R\u00e9servez une consultation gratuite avec nous. Choisissez la langue, la date, l'heure et recevez votre confirmation par e-mail.","breadcrumb":{"@id":"https:\/\/staging.datatex.com\/fr\/prendre-rendez-vous-avec-nous\/#breadcrumb"},"inLanguage":"fr-FR","potentialAction":[{"@type":"ReadAction","target":["https:\/\/staging.datatex.com\/fr\/prendre-rendez-vous-avec-nous\/"]}]},{"@type":"BreadcrumbList","@id":"https:\/\/staging.datatex.com\/fr\/prendre-rendez-vous-avec-nous\/#breadcrumb","itemListElement":[{"@type":"ListItem","position":1,"name":"Datatex","item":"https:\/\/staging.datatex.com\/fr\/"},{"@type":"ListItem","position":2,"name":"Prendre rendez-vous avec nous"}]},{"@type":"WebSite","@id":"https:\/\/staging.datatex.com\/#website","url":"https:\/\/staging.datatex.com\/","name":"Datatex - We Make IT Work for You","description":"Datatex: We Make IT Work for You","publisher":{"@id":"https:\/\/staging.datatex.com\/#organization"},"potentialAction":[{"@type":"SearchAction","target":{"@type":"EntryPoint","urlTemplate":"https:\/\/staging.datatex.com\/?s={search_term_string}"},"query-input":{"@type":"PropertyValueSpecification","valueRequired":true,"valueName":"search_term_string"}}],"inLanguage":"fr-FR"},{"@type":"Organization","@id":"https:\/\/staging.datatex.com\/#organization","name":"Datatex - We Make IT Work for You","url":"https:\/\/staging.datatex.com\/","logo":{"@type":"ImageObject","inLanguage":"fr-FR","@id":"https:\/\/staging.datatex.com\/#\/schema\/logo\/image\/","url":"https:\/\/staging.datatex.com\/wp-content\/uploads\/2019\/09\/android-chrome-192x192-e1569404708453.png","contentUrl":"https:\/\/staging.datatex.com\/wp-content\/uploads\/2019\/09\/android-chrome-192x192-e1569404708453.png","width":192,"height":192,"caption":"Datatex - We Make IT Work for You"},"image":{"@id":"https:\/\/staging.datatex.com\/#\/schema\/logo\/image\/"},"sameAs":["https:\/\/www.linkedin.com\/company\/datatex\/"]}]}},"_links":{"self":[{"href":"https:\/\/staging.datatex.com\/fr\/wp-json\/wp\/v2\/pages\/25661","targetHints":{"allow":["GET"]}}],"collection":[{"href":"https:\/\/staging.datatex.com\/fr\/wp-json\/wp\/v2\/pages"}],"about":[{"href":"https:\/\/staging.datatex.com\/fr\/wp-json\/wp\/v2\/types\/page"}],"author":[{"embeddable":true,"href":"https:\/\/staging.datatex.com\/fr\/wp-json\/wp\/v2\/users\/7"}],"replies":[{"embeddable":true,"href":"https:\/\/staging.datatex.com\/fr\/wp-json\/wp\/v2\/comments?post=25661"}],"version-history":[{"count":11,"href":"https:\/\/staging.datatex.com\/fr\/wp-json\/wp\/v2\/pages\/25661\/revisions"}],"predecessor-version":[{"id":17892980,"href":"https:\/\/staging.datatex.com\/fr\/wp-json\/wp\/v2\/pages\/25661\/revisions\/17892980"}],"wp:attachment":[{"href":"https:\/\/staging.datatex.com\/fr\/wp-json\/wp\/v2\/media?parent=25661"}],"curies":[{"name":"wp","href":"https:\/\/api.w.org\/{rel}","templated":true}]}}