{"id":2422,"date":"2019-03-07T15:54:28","date_gmt":"2019-03-07T15:54:28","guid":{"rendered":"http:\/\/213.140.24.242\/datatexwebsite\/privacy-policy\/"},"modified":"2025-02-14T01:46:33","modified_gmt":"2025-02-14T01:46:33","slug":"privacy-policy","status":"publish","type":"page","link":"https:\/\/staging.datatex.com\/fr\/privacy-policy\/","title":{"rendered":"Politique de confidentialit\u00e9"},"content":{"rendered":"<div class=\"fusion-fullwidth fullwidth-box fusion-builder-row-1 nonhundred-percent-fullwidth non-hundred-percent-height-scrolling\" style=\"--awb-border-radius-top-left:0px;--awb-border-radius-top-right:0px;--awb-border-radius-bottom-right:0px;--awb-border-radius-bottom-left:0px;--awb-flex-wrap:wrap;\" ><div class=\"fusion-builder-row fusion-row\"><div class=\"fusion-layout-column fusion_builder_column fusion-builder-column-0 fusion_builder_column_1_1 1_1 fusion-one-full fusion-column-first fusion-column-last\" style=\"--awb-bg-size:cover;\"><div class=\"fusion-column-wrapper fusion-column-has-shadow fusion-flex-column-wrapper-legacy\"><div class=\"fusion-title title fusion-title-1 fusion-sep-none fusion-title-text fusion-title-size-one\"><h1 class=\"fusion-title-heading title-heading-left\" style=\"margin:0;\">Datatex | Politique de confidentialit\u00e9<\/h1><\/div><div class=\"fusion-title title fusion-title-2 fusion-sep-none fusion-title-text fusion-title-size-two\"><h2 class=\"fusion-title-heading title-heading-left\" style=\"margin:0;\">Protection des informations personnelles<\/h2><\/div><div class=\"fusion-text fusion-text-1\"><p>Datatex prot\u00e8ge toutes les informations appartenant \u00e0 toute partie ayant accord\u00e9 \u00e0 la soci\u00e9t\u00e9 ou aux utilisateurs du service la permission de les contacter, et ne partage aucune de ces informations avec une autre partie. Dans le cadre de la fourniture du service, Datatex collecte et stocke les informations suivantes:<\/p>\n<\/div><div class=\"fusion-text fusion-text-2 margin-left-50\"><ul style=\"list-style: circle !important;\">\n<li>Information anonyme des visiteurs de ce site Web<\/li>\n<li>Informations personnelles (par exemple, nom et adresse \u00e9lectronique) des visiteurs de ce site Web abonn\u00e9s \u00e0 notre newsletter<br \/>\n<h2>Utilisation de l&rsquo;information anonyme<\/h2>\n<p>Nous utilisons les informations anonymes pour g\u00e9rer notre soci\u00e9t\u00e9 plus efficacement et l\u2019am\u00e9liorer avec le temps. Par exemple, nous pouvons d\u00e9tecter le type de navigateur que vous utilisez. De m\u00eame, nous pouvons tenter de d\u00e9tecter votre g\u00e9olocalisation et de vous diriger vers une version du site Web \u00e9crite dans une langue qui pourrait mieux r\u00e9pondre \u00e0 vos besoins.<\/p>\n<h2>Utilisation des informations personnelles<\/h2>\n<p>Nous n&rsquo;utilisons ni ne partageons jamais les informations personnelles d&rsquo;une mani\u00e8re non li\u00e9e \u00e0 celles d\u00e9crites dans la pr\u00e9sente politique de confidentialit\u00e9, et nous ne le ferons plus \u00e0 l&rsquo;avenir sans vous fournir la possibilit\u00e9 de vous d\u00e9sabonner ou d&rsquo;interdire de telles utilisations.<\/li>\n<\/ul>\n<\/div><div class=\"fusion-text fusion-text-3\"><p>Si vous avez des questions sur cette politique ou si vous avez besoin de plus d&rsquo;informations, vous pouvez contacter: datatex@datatex.it<\/p>\n<\/div><div class=\"fusion-clearfix\"><\/div><\/div><\/div><\/div><\/div>\n","protected":false},"excerpt":{"rendered":"","protected":false},"author":1,"featured_media":0,"parent":0,"menu_order":0,"comment_status":"closed","ping_status":"open","template":"","meta":{"footnotes":""},"class_list":["post-2422","page","type-page","status-publish","hentry"],"yoast_head":"<!-- This site is optimized with the Yoast SEO plugin v25.5 - https:\/\/yoast.com\/wordpress\/plugins\/seo\/ -->\n<title>Politique de confidentialit\u00e9 - Datatex<\/title>\n<meta name=\"robots\" content=\"noindex, follow, max-snippet:-1, max-image-preview:large, max-video-preview:-1\" \/>\n<meta property=\"og:locale\" content=\"fr_FR\" \/>\n<meta property=\"og:type\" content=\"article\" \/>\n<meta property=\"og:title\" content=\"Politique de confidentialit\u00e9 - Datatex\" \/>\n<meta property=\"og:url\" content=\"https:\/\/staging.datatex.com\/privacy-policy\/\" \/>\n<meta property=\"og:site_name\" content=\"Datatex\" \/>\n<meta property=\"article:modified_time\" content=\"2025-02-14T01:46:33+00:00\" \/>\n<meta name=\"twitter:card\" content=\"summary_large_image\" \/>\n<meta name=\"twitter:label1\" content=\"Dur\u00e9e de lecture estim\u00e9e\" \/>\n\t<meta name=\"twitter:data1\" content=\"1 minute\" \/>\n<script type=\"application\/ld+json\" class=\"yoast-schema-graph\">{\"@context\":\"https:\/\/schema.org\",\"@graph\":[{\"@type\":\"WebPage\",\"@id\":\"https:\/\/staging.datatex.com\/privacy-policy\/\",\"url\":\"https:\/\/staging.datatex.com\/privacy-policy\/\",\"name\":\"Politique de confidentialit\u00e9 - Datatex\",\"isPartOf\":{\"@id\":\"https:\/\/staging.datatex.com\/#website\"},\"datePublished\":\"2019-03-07T15:54:28+00:00\",\"dateModified\":\"2025-02-14T01:46:33+00:00\",\"breadcrumb\":{\"@id\":\"https:\/\/staging.datatex.com\/privacy-policy\/#breadcrumb\"},\"inLanguage\":\"fr-FR\",\"potentialAction\":[{\"@type\":\"ReadAction\",\"target\":[\"https:\/\/staging.datatex.com\/privacy-policy\/\"]}]},{\"@type\":\"BreadcrumbList\",\"@id\":\"https:\/\/staging.datatex.com\/privacy-policy\/#breadcrumb\",\"itemListElement\":[{\"@type\":\"ListItem\",\"position\":1,\"name\":\"Datatex\",\"item\":\"https:\/\/staging.datatex.com\/fr\/\"},{\"@type\":\"ListItem\",\"position\":2,\"name\":\"Politique de confidentialit\u00e9\"}]},{\"@type\":\"WebSite\",\"@id\":\"https:\/\/staging.datatex.com\/#website\",\"url\":\"https:\/\/staging.datatex.com\/\",\"name\":\"Datatex - We Make IT Work for You\",\"description\":\"Datatex: We Make IT Work for You\",\"publisher\":{\"@id\":\"https:\/\/staging.datatex.com\/#organization\"},\"potentialAction\":[{\"@type\":\"SearchAction\",\"target\":{\"@type\":\"EntryPoint\",\"urlTemplate\":\"https:\/\/staging.datatex.com\/?s={search_term_string}\"},\"query-input\":{\"@type\":\"PropertyValueSpecification\",\"valueRequired\":true,\"valueName\":\"search_term_string\"}}],\"inLanguage\":\"fr-FR\"},{\"@type\":\"Organization\",\"@id\":\"https:\/\/staging.datatex.com\/#organization\",\"name\":\"Datatex - We Make IT Work for You\",\"url\":\"https:\/\/staging.datatex.com\/\",\"logo\":{\"@type\":\"ImageObject\",\"inLanguage\":\"fr-FR\",\"@id\":\"https:\/\/staging.datatex.com\/#\/schema\/logo\/image\/\",\"url\":\"https:\/\/staging.datatex.com\/wp-content\/uploads\/2019\/09\/android-chrome-192x192-e1569404708453.png\",\"contentUrl\":\"https:\/\/staging.datatex.com\/wp-content\/uploads\/2019\/09\/android-chrome-192x192-e1569404708453.png\",\"width\":192,\"height\":192,\"caption\":\"Datatex - We Make IT Work for You\"},\"image\":{\"@id\":\"https:\/\/staging.datatex.com\/#\/schema\/logo\/image\/\"},\"sameAs\":[\"https:\/\/www.linkedin.com\/company\/datatex\/\"]}]}<\/script>\n<!-- \/ Yoast SEO plugin. -->","yoast_head_json":{"title":"Politique de confidentialit\u00e9 - Datatex","robots":{"index":"noindex","follow":"follow","max-snippet":"max-snippet:-1","max-image-preview":"max-image-preview:large","max-video-preview":"max-video-preview:-1"},"og_locale":"fr_FR","og_type":"article","og_title":"Politique de confidentialit\u00e9 - Datatex","og_url":"https:\/\/staging.datatex.com\/privacy-policy\/","og_site_name":"Datatex","article_modified_time":"2025-02-14T01:46:33+00:00","twitter_card":"summary_large_image","twitter_misc":{"Dur\u00e9e de lecture estim\u00e9e":"1 minute"},"schema":{"@context":"https:\/\/schema.org","@graph":[{"@type":"WebPage","@id":"https:\/\/staging.datatex.com\/privacy-policy\/","url":"https:\/\/staging.datatex.com\/privacy-policy\/","name":"Politique de confidentialit\u00e9 - Datatex","isPartOf":{"@id":"https:\/\/staging.datatex.com\/#website"},"datePublished":"2019-03-07T15:54:28+00:00","dateModified":"2025-02-14T01:46:33+00:00","breadcrumb":{"@id":"https:\/\/staging.datatex.com\/privacy-policy\/#breadcrumb"},"inLanguage":"fr-FR","potentialAction":[{"@type":"ReadAction","target":["https:\/\/staging.datatex.com\/privacy-policy\/"]}]},{"@type":"BreadcrumbList","@id":"https:\/\/staging.datatex.com\/privacy-policy\/#breadcrumb","itemListElement":[{"@type":"ListItem","position":1,"name":"Datatex","item":"https:\/\/staging.datatex.com\/fr\/"},{"@type":"ListItem","position":2,"name":"Politique de confidentialit\u00e9"}]},{"@type":"WebSite","@id":"https:\/\/staging.datatex.com\/#website","url":"https:\/\/staging.datatex.com\/","name":"Datatex - We Make IT Work for You","description":"Datatex: We Make IT Work for You","publisher":{"@id":"https:\/\/staging.datatex.com\/#organization"},"potentialAction":[{"@type":"SearchAction","target":{"@type":"EntryPoint","urlTemplate":"https:\/\/staging.datatex.com\/?s={search_term_string}"},"query-input":{"@type":"PropertyValueSpecification","valueRequired":true,"valueName":"search_term_string"}}],"inLanguage":"fr-FR"},{"@type":"Organization","@id":"https:\/\/staging.datatex.com\/#organization","name":"Datatex - We Make IT Work for You","url":"https:\/\/staging.datatex.com\/","logo":{"@type":"ImageObject","inLanguage":"fr-FR","@id":"https:\/\/staging.datatex.com\/#\/schema\/logo\/image\/","url":"https:\/\/staging.datatex.com\/wp-content\/uploads\/2019\/09\/android-chrome-192x192-e1569404708453.png","contentUrl":"https:\/\/staging.datatex.com\/wp-content\/uploads\/2019\/09\/android-chrome-192x192-e1569404708453.png","width":192,"height":192,"caption":"Datatex - We Make IT Work for You"},"image":{"@id":"https:\/\/staging.datatex.com\/#\/schema\/logo\/image\/"},"sameAs":["https:\/\/www.linkedin.com\/company\/datatex\/"]}]}},"_links":{"self":[{"href":"https:\/\/staging.datatex.com\/fr\/wp-json\/wp\/v2\/pages\/2422","targetHints":{"allow":["GET"]}}],"collection":[{"href":"https:\/\/staging.datatex.com\/fr\/wp-json\/wp\/v2\/pages"}],"about":[{"href":"https:\/\/staging.datatex.com\/fr\/wp-json\/wp\/v2\/types\/page"}],"author":[{"embeddable":true,"href":"https:\/\/staging.datatex.com\/fr\/wp-json\/wp\/v2\/users\/1"}],"replies":[{"embeddable":true,"href":"https:\/\/staging.datatex.com\/fr\/wp-json\/wp\/v2\/comments?post=2422"}],"version-history":[{"count":4,"href":"https:\/\/staging.datatex.com\/fr\/wp-json\/wp\/v2\/pages\/2422\/revisions"}],"predecessor-version":[{"id":17888907,"href":"https:\/\/staging.datatex.com\/fr\/wp-json\/wp\/v2\/pages\/2422\/revisions\/17888907"}],"wp:attachment":[{"href":"https:\/\/staging.datatex.com\/fr\/wp-json\/wp\/v2\/media?parent=2422"}],"curies":[{"name":"wp","href":"https:\/\/api.w.org\/{rel}","templated":true}]}}