{"id":2627,"date":"2019-03-07T15:54:28","date_gmt":"2019-03-07T15:54:28","guid":{"rendered":"http:\/\/213.140.24.242\/datatexwebsite\/privacy-policy\/"},"modified":"2025-02-14T04:40:59","modified_gmt":"2025-02-14T04:40:59","slug":"privacy-policy","status":"publish","type":"page","link":"https:\/\/staging.datatex.com\/es\/privacy-policy\/","title":{"rendered":"Pol\u00edtica de privacidad"},"content":{"rendered":"<div class=\"fusion-fullwidth fullwidth-box fusion-builder-row-1 nonhundred-percent-fullwidth non-hundred-percent-height-scrolling\" style=\"--awb-border-radius-top-left:0px;--awb-border-radius-top-right:0px;--awb-border-radius-bottom-right:0px;--awb-border-radius-bottom-left:0px;--awb-flex-wrap:wrap;\" ><div class=\"fusion-builder-row fusion-row\"><div class=\"fusion-layout-column fusion_builder_column fusion-builder-column-0 fusion_builder_column_1_1 1_1 fusion-one-full fusion-column-first fusion-column-last\" style=\"--awb-bg-size:cover;\"><div class=\"fusion-column-wrapper fusion-column-has-shadow fusion-flex-column-wrapper-legacy\"><div class=\"fusion-title title fusion-title-1 fusion-sep-none fusion-title-text fusion-title-size-one\"><h1 class=\"fusion-title-heading title-heading-left\" style=\"margin:0;\">Datatex | Privacy Policy<\/h1><\/div><div class=\"fusion-title title fusion-title-2 fusion-sep-none fusion-title-text fusion-title-size-two\"><h2 class=\"fusion-title-heading title-heading-left\" style=\"margin:0;\">Protecci\u00f3n de informaci\u00f3n personal<\/h2><\/div><div class=\"fusion-text fusion-text-1\"><p>Datatex protege toda la informaci\u00f3n que pertenece a cualquier parte que otorg\u00f3 permiso a la Compa\u00f1\u00eda o los Usuarios del Servicio para contactarlos, y no comparte dicha informaci\u00f3n con ninguna otra parte. En relaci\u00f3n con la provisi\u00f3n del Servicio, Datatex recopila y almacena la siguiente informaci\u00f3n:<\/p>\n<\/div><div class=\"fusion-text fusion-text-2 margin-left-50\"><ul style=\"list-style: circle !important;\">\n<li>Informaci\u00f3n an\u00f3nima de los visitantes de este sitio web.<\/li>\n<li>Informaci\u00f3n personal (por ejemplo, nombre y direcci\u00f3n de correo electr\u00f3nico) de los visitantes de este sitio web que se suscriben a nuestro bolet\u00edn<br \/>\n<h2>Uso de informaci\u00f3n an\u00f3nima<\/h2>\n<p>Usamos informaci\u00f3n an\u00f3nima para administrar nuestra empresa de manera m\u00e1s efectiva y mejorarla con el tiempo. Por ejemplo, podemos detectar el tipo de navegador que est\u00e1 utilizando. Del mismo modo, podemos intentar detectar su geolocalizaci\u00f3n y dirigirlo a una versi\u00f3n del sitio web que est\u00e9 escrita en un idioma que pueda satisfacer mejor sus necesidades.<\/p>\n<h2>Uso de informaci\u00f3n personal<\/h2>\n<p>Nunca usamos o compartimos informaci\u00f3n personal de formas no relacionadas con las descritas en esta Pol\u00edtica de privacidad, y no lo haremos en el futuro sin brindarle la oportunidad de optar por no participar o prohibir dichos usos no relacionados.<\/li>\n<\/ul>\n<\/div><div class=\"fusion-text fusion-text-3\"><p>Si tiene preguntas sobre esta Pol\u00edtica o necesita m\u00e1s informaci\u00f3n, puede contactar a: <a href=\"marketing@staging.datatex.com\">marketing@staging.datatex.com<\/a><\/p>\n<\/div><div class=\"fusion-clearfix\"><\/div><\/div><\/div><\/div><\/div>\n","protected":false},"excerpt":{"rendered":"","protected":false},"author":1,"featured_media":0,"parent":0,"menu_order":0,"comment_status":"closed","ping_status":"open","template":"","meta":{"footnotes":""},"class_list":["post-2627","page","type-page","status-publish","hentry"],"yoast_head":"<!-- This site is optimized with the Yoast SEO plugin v25.5 - https:\/\/yoast.com\/wordpress\/plugins\/seo\/ -->\n<title>Pol\u00edtica de privacidad - Datatex<\/title>\n<meta name=\"robots\" content=\"noindex, follow, max-snippet:-1, max-image-preview:large, max-video-preview:-1\" \/>\n<meta property=\"og:locale\" content=\"es_ES\" \/>\n<meta property=\"og:type\" content=\"article\" \/>\n<meta property=\"og:title\" content=\"Pol\u00edtica de privacidad - Datatex\" \/>\n<meta property=\"og:url\" content=\"https:\/\/staging.datatex.com\/privacy-policy\/\" \/>\n<meta property=\"og:site_name\" content=\"Datatex\" \/>\n<meta property=\"article:modified_time\" content=\"2025-02-14T04:40:59+00:00\" \/>\n<meta name=\"twitter:card\" content=\"summary_large_image\" \/>\n<meta name=\"twitter:label1\" content=\"Tiempo de lectura\" \/>\n\t<meta name=\"twitter:data1\" content=\"1 minuto\" \/>\n<script type=\"application\/ld+json\" class=\"yoast-schema-graph\">{\"@context\":\"https:\/\/schema.org\",\"@graph\":[{\"@type\":\"WebPage\",\"@id\":\"https:\/\/staging.datatex.com\/privacy-policy\/\",\"url\":\"https:\/\/staging.datatex.com\/privacy-policy\/\",\"name\":\"Pol\u00edtica de privacidad - Datatex\",\"isPartOf\":{\"@id\":\"https:\/\/staging.datatex.com\/#website\"},\"datePublished\":\"2019-03-07T15:54:28+00:00\",\"dateModified\":\"2025-02-14T04:40:59+00:00\",\"breadcrumb\":{\"@id\":\"https:\/\/staging.datatex.com\/privacy-policy\/#breadcrumb\"},\"inLanguage\":\"es\",\"potentialAction\":[{\"@type\":\"ReadAction\",\"target\":[\"https:\/\/staging.datatex.com\/privacy-policy\/\"]}]},{\"@type\":\"BreadcrumbList\",\"@id\":\"https:\/\/staging.datatex.com\/privacy-policy\/#breadcrumb\",\"itemListElement\":[{\"@type\":\"ListItem\",\"position\":1,\"name\":\"Datatex\",\"item\":\"https:\/\/staging.datatex.com\/\"},{\"@type\":\"ListItem\",\"position\":2,\"name\":\"Pol\u00edtica de privacidad\"}]},{\"@type\":\"WebSite\",\"@id\":\"https:\/\/staging.datatex.com\/#website\",\"url\":\"https:\/\/staging.datatex.com\/\",\"name\":\"Datatex - We Make IT Work for You\",\"description\":\"Datatex: We Make IT Work for You\",\"publisher\":{\"@id\":\"https:\/\/staging.datatex.com\/#organization\"},\"potentialAction\":[{\"@type\":\"SearchAction\",\"target\":{\"@type\":\"EntryPoint\",\"urlTemplate\":\"https:\/\/staging.datatex.com\/?s={search_term_string}\"},\"query-input\":{\"@type\":\"PropertyValueSpecification\",\"valueRequired\":true,\"valueName\":\"search_term_string\"}}],\"inLanguage\":\"es\"},{\"@type\":\"Organization\",\"@id\":\"https:\/\/staging.datatex.com\/#organization\",\"name\":\"Datatex - We Make IT Work for You\",\"url\":\"https:\/\/staging.datatex.com\/\",\"logo\":{\"@type\":\"ImageObject\",\"inLanguage\":\"es\",\"@id\":\"https:\/\/staging.datatex.com\/#\/schema\/logo\/image\/\",\"url\":\"https:\/\/staging.datatex.com\/wp-content\/uploads\/2019\/09\/android-chrome-192x192-e1569404708453.png\",\"contentUrl\":\"https:\/\/staging.datatex.com\/wp-content\/uploads\/2019\/09\/android-chrome-192x192-e1569404708453.png\",\"width\":192,\"height\":192,\"caption\":\"Datatex - We Make IT Work for You\"},\"image\":{\"@id\":\"https:\/\/staging.datatex.com\/#\/schema\/logo\/image\/\"},\"sameAs\":[\"https:\/\/www.linkedin.com\/company\/datatex\/\"]}]}<\/script>\n<!-- \/ Yoast SEO plugin. -->","yoast_head_json":{"title":"Pol\u00edtica de privacidad - Datatex","robots":{"index":"noindex","follow":"follow","max-snippet":"max-snippet:-1","max-image-preview":"max-image-preview:large","max-video-preview":"max-video-preview:-1"},"og_locale":"es_ES","og_type":"article","og_title":"Pol\u00edtica de privacidad - Datatex","og_url":"https:\/\/staging.datatex.com\/privacy-policy\/","og_site_name":"Datatex","article_modified_time":"2025-02-14T04:40:59+00:00","twitter_card":"summary_large_image","twitter_misc":{"Tiempo de lectura":"1 minuto"},"schema":{"@context":"https:\/\/schema.org","@graph":[{"@type":"WebPage","@id":"https:\/\/staging.datatex.com\/privacy-policy\/","url":"https:\/\/staging.datatex.com\/privacy-policy\/","name":"Pol\u00edtica de privacidad - Datatex","isPartOf":{"@id":"https:\/\/staging.datatex.com\/#website"},"datePublished":"2019-03-07T15:54:28+00:00","dateModified":"2025-02-14T04:40:59+00:00","breadcrumb":{"@id":"https:\/\/staging.datatex.com\/privacy-policy\/#breadcrumb"},"inLanguage":"es","potentialAction":[{"@type":"ReadAction","target":["https:\/\/staging.datatex.com\/privacy-policy\/"]}]},{"@type":"BreadcrumbList","@id":"https:\/\/staging.datatex.com\/privacy-policy\/#breadcrumb","itemListElement":[{"@type":"ListItem","position":1,"name":"Datatex","item":"https:\/\/staging.datatex.com\/"},{"@type":"ListItem","position":2,"name":"Pol\u00edtica de privacidad"}]},{"@type":"WebSite","@id":"https:\/\/staging.datatex.com\/#website","url":"https:\/\/staging.datatex.com\/","name":"Datatex - We Make IT Work for You","description":"Datatex: We Make IT Work for You","publisher":{"@id":"https:\/\/staging.datatex.com\/#organization"},"potentialAction":[{"@type":"SearchAction","target":{"@type":"EntryPoint","urlTemplate":"https:\/\/staging.datatex.com\/?s={search_term_string}"},"query-input":{"@type":"PropertyValueSpecification","valueRequired":true,"valueName":"search_term_string"}}],"inLanguage":"es"},{"@type":"Organization","@id":"https:\/\/staging.datatex.com\/#organization","name":"Datatex - We Make IT Work for You","url":"https:\/\/staging.datatex.com\/","logo":{"@type":"ImageObject","inLanguage":"es","@id":"https:\/\/staging.datatex.com\/#\/schema\/logo\/image\/","url":"https:\/\/staging.datatex.com\/wp-content\/uploads\/2019\/09\/android-chrome-192x192-e1569404708453.png","contentUrl":"https:\/\/staging.datatex.com\/wp-content\/uploads\/2019\/09\/android-chrome-192x192-e1569404708453.png","width":192,"height":192,"caption":"Datatex - We Make IT Work for You"},"image":{"@id":"https:\/\/staging.datatex.com\/#\/schema\/logo\/image\/"},"sameAs":["https:\/\/www.linkedin.com\/company\/datatex\/"]}]}},"_links":{"self":[{"href":"https:\/\/staging.datatex.com\/es\/wp-json\/wp\/v2\/pages\/2627","targetHints":{"allow":["GET"]}}],"collection":[{"href":"https:\/\/staging.datatex.com\/es\/wp-json\/wp\/v2\/pages"}],"about":[{"href":"https:\/\/staging.datatex.com\/es\/wp-json\/wp\/v2\/types\/page"}],"author":[{"embeddable":true,"href":"https:\/\/staging.datatex.com\/es\/wp-json\/wp\/v2\/users\/1"}],"replies":[{"embeddable":true,"href":"https:\/\/staging.datatex.com\/es\/wp-json\/wp\/v2\/comments?post=2627"}],"version-history":[{"count":5,"href":"https:\/\/staging.datatex.com\/es\/wp-json\/wp\/v2\/pages\/2627\/revisions"}],"predecessor-version":[{"id":17888915,"href":"https:\/\/staging.datatex.com\/es\/wp-json\/wp\/v2\/pages\/2627\/revisions\/17888915"}],"wp:attachment":[{"href":"https:\/\/staging.datatex.com\/es\/wp-json\/wp\/v2\/media?parent=2627"}],"curies":[{"name":"wp","href":"https:\/\/api.w.org\/{rel}","templated":true}]}}