{"id":25659,"date":"2021-12-01T14:21:00","date_gmt":"2021-12-01T14:21:00","guid":{"rendered":"https:\/\/staging.datatex.com\/?page_id=25659"},"modified":"2025-06-16T12:12:29","modified_gmt":"2025-06-16T12:12:29","slug":"buchen-sie-eine-beratung","status":"publish","type":"page","link":"https:\/\/staging.datatex.com\/de\/buchen-sie-eine-beratung\/","title":{"rendered":"Buchen Sie eine Beratung"},"content":{"rendered":"<div class=\"fusion-fullwidth fullwidth-box fusion-builder-row-1 nonhundred-percent-fullwidth non-hundred-percent-height-scrolling\" style=\"--awb-border-radius-top-left:0px;--awb-border-radius-top-right:0px;--awb-border-radius-bottom-right:0px;--awb-border-radius-bottom-left:0px;--awb-padding-bottom:50px;--awb-flex-wrap:wrap;\" ><div class=\"fusion-builder-row fusion-row\"><div class=\"fusion-layout-column fusion_builder_column fusion-builder-column-0 fusion_builder_column_1_1 1_1 fusion-one-full fusion-column-first fusion-column-last\" style=\"--awb-bg-size:cover;\"><div class=\"fusion-column-wrapper fusion-column-has-shadow fusion-flex-column-wrapper-legacy\"><div class=\"fusion-text fusion-text-1\" style=\"--awb-margin-top:2rem;--awb-margin-right:10%;--awb-margin-left:10%;\"><p style=\"text-align: center;\">Um eine kostenlose Vorf\u00fchrung oder eine kostenlose Beratung mit einem unserer Experten zu planen, w\u00e4hlen Sie einfach das verf\u00fcgbare Datum und die Uhrzeit aus. Sobald Sie alle erforderlichen Angaben gemacht haben, erhalten Sie eine E-Mail-Benachrichtigung mit Ihrer ausstehenden Anfrage und werden kurz darauf kontaktiert.<\/p>\n<\/div><!-- Calendly inline widget begin -->\n<style>\nmain#main {\n  padding: 0;\n}\n.calendly-inline-widget {\n  min-width: 320px;\n  height: 750px;\n}\n<\/style>\n<div\n    class=\"calendly-inline-widget\"\n    data-url=\"https:\/\/calendly.com\/datatex\/buchen-sie-eine-beratung?text_color=6f6f6f&primary_color=ff7800\">\n<\/div>\n<script type=\"text\/javascript\" src=\"https:\/\/assets.calendly.com\/assets\/external\/widget.js\" async><\/script>\n<!-- Calendly inline widget end --><div class=\"fusion-clearfix\"><\/div><\/div><\/div><\/div><\/div>\n","protected":false},"excerpt":{"rendered":"","protected":false},"author":7,"featured_media":0,"parent":0,"menu_order":0,"comment_status":"closed","ping_status":"closed","template":"","meta":{"footnotes":""},"class_list":["post-25659","page","type-page","status-publish","hentry"],"yoast_head":"<!-- This site is optimized with the Yoast SEO plugin v25.5 - https:\/\/yoast.com\/wordpress\/plugins\/seo\/ -->\n<title>Buchen Sie eine kostenlose Beratung bei uns | Datatex<\/title>\n<meta name=\"description\" content=\"Buchen Sie einen kostenlosen Beratungstermin mit uns! W\u00e4hlen Sie Ihre bevorzugte Sprache, Datum und Uhrzeit und erhalten Sie Ihre Best\u00e4tigung per E-Mail.\" \/>\n<meta name=\"robots\" content=\"noindex, follow, max-snippet:-1, max-image-preview:large, max-video-preview:-1\" \/>\n<meta property=\"og:locale\" content=\"de_DE\" \/>\n<meta property=\"og:type\" content=\"article\" \/>\n<meta property=\"og:title\" content=\"Buchen Sie eine kostenlose Beratung bei uns | Datatex\" \/>\n<meta property=\"og:description\" content=\"Buchen Sie einen kostenlosen Beratungstermin mit uns! W\u00e4hlen Sie Ihre bevorzugte Sprache, Datum und Uhrzeit und erhalten Sie Ihre Best\u00e4tigung per E-Mail.\" \/>\n<meta property=\"og:url\" content=\"https:\/\/staging.datatex.com\/de\/buchen-sie-eine-beratung\/\" \/>\n<meta property=\"og:site_name\" content=\"Datatex\" \/>\n<meta property=\"article:modified_time\" content=\"2025-06-16T12:12:29+00:00\" \/>\n<meta name=\"twitter:card\" content=\"summary_large_image\" \/>\n<meta name=\"twitter:label1\" content=\"Gesch\u00e4tzte Lesezeit\" \/>\n\t<meta name=\"twitter:data1\" content=\"1\u00a0Minute\" \/>\n<script type=\"application\/ld+json\" class=\"yoast-schema-graph\">{\"@context\":\"https:\/\/schema.org\",\"@graph\":[{\"@type\":\"WebPage\",\"@id\":\"https:\/\/staging.datatex.com\/de\/buchen-sie-eine-beratung\/\",\"url\":\"https:\/\/staging.datatex.com\/de\/buchen-sie-eine-beratung\/\",\"name\":\"Buchen Sie eine kostenlose Beratung bei uns | Datatex\",\"isPartOf\":{\"@id\":\"https:\/\/staging.datatex.com\/#website\"},\"datePublished\":\"2021-12-01T14:21:00+00:00\",\"dateModified\":\"2025-06-16T12:12:29+00:00\",\"description\":\"Buchen Sie einen kostenlosen Beratungstermin mit uns! W\u00e4hlen Sie Ihre bevorzugte Sprache, Datum und Uhrzeit und erhalten Sie Ihre Best\u00e4tigung per E-Mail.\",\"breadcrumb\":{\"@id\":\"https:\/\/staging.datatex.com\/de\/buchen-sie-eine-beratung\/#breadcrumb\"},\"inLanguage\":\"de\",\"potentialAction\":[{\"@type\":\"ReadAction\",\"target\":[\"https:\/\/staging.datatex.com\/de\/buchen-sie-eine-beratung\/\"]}]},{\"@type\":\"BreadcrumbList\",\"@id\":\"https:\/\/staging.datatex.com\/de\/buchen-sie-eine-beratung\/#breadcrumb\",\"itemListElement\":[{\"@type\":\"ListItem\",\"position\":1,\"name\":\"Datatex\",\"item\":\"https:\/\/staging.datatex.com\/de\/\"},{\"@type\":\"ListItem\",\"position\":2,\"name\":\"Buchen Sie eine Beratung\"}]},{\"@type\":\"WebSite\",\"@id\":\"https:\/\/staging.datatex.com\/#website\",\"url\":\"https:\/\/staging.datatex.com\/\",\"name\":\"Datatex - We Make IT Work for You\",\"description\":\"Datatex: We Make IT Work for You\",\"publisher\":{\"@id\":\"https:\/\/staging.datatex.com\/#organization\"},\"potentialAction\":[{\"@type\":\"SearchAction\",\"target\":{\"@type\":\"EntryPoint\",\"urlTemplate\":\"https:\/\/staging.datatex.com\/?s={search_term_string}\"},\"query-input\":{\"@type\":\"PropertyValueSpecification\",\"valueRequired\":true,\"valueName\":\"search_term_string\"}}],\"inLanguage\":\"de\"},{\"@type\":\"Organization\",\"@id\":\"https:\/\/staging.datatex.com\/#organization\",\"name\":\"Datatex - We Make IT Work for You\",\"url\":\"https:\/\/staging.datatex.com\/\",\"logo\":{\"@type\":\"ImageObject\",\"inLanguage\":\"de\",\"@id\":\"https:\/\/staging.datatex.com\/#\/schema\/logo\/image\/\",\"url\":\"https:\/\/staging.datatex.com\/wp-content\/uploads\/2019\/09\/android-chrome-192x192-e1569404708453.png\",\"contentUrl\":\"https:\/\/staging.datatex.com\/wp-content\/uploads\/2019\/09\/android-chrome-192x192-e1569404708453.png\",\"width\":192,\"height\":192,\"caption\":\"Datatex - We Make IT Work for You\"},\"image\":{\"@id\":\"https:\/\/staging.datatex.com\/#\/schema\/logo\/image\/\"},\"sameAs\":[\"https:\/\/www.linkedin.com\/company\/datatex\/\"]}]}<\/script>\n<!-- \/ Yoast SEO plugin. -->","yoast_head_json":{"title":"Buchen Sie eine kostenlose Beratung bei uns | Datatex","description":"Buchen Sie einen kostenlosen Beratungstermin mit uns! W\u00e4hlen Sie Ihre bevorzugte Sprache, Datum und Uhrzeit und erhalten Sie Ihre Best\u00e4tigung per E-Mail.","robots":{"index":"noindex","follow":"follow","max-snippet":"max-snippet:-1","max-image-preview":"max-image-preview:large","max-video-preview":"max-video-preview:-1"},"og_locale":"de_DE","og_type":"article","og_title":"Buchen Sie eine kostenlose Beratung bei uns | Datatex","og_description":"Buchen Sie einen kostenlosen Beratungstermin mit uns! W\u00e4hlen Sie Ihre bevorzugte Sprache, Datum und Uhrzeit und erhalten Sie Ihre Best\u00e4tigung per E-Mail.","og_url":"https:\/\/staging.datatex.com\/de\/buchen-sie-eine-beratung\/","og_site_name":"Datatex","article_modified_time":"2025-06-16T12:12:29+00:00","twitter_card":"summary_large_image","twitter_misc":{"Gesch\u00e4tzte Lesezeit":"1\u00a0Minute"},"schema":{"@context":"https:\/\/schema.org","@graph":[{"@type":"WebPage","@id":"https:\/\/staging.datatex.com\/de\/buchen-sie-eine-beratung\/","url":"https:\/\/staging.datatex.com\/de\/buchen-sie-eine-beratung\/","name":"Buchen Sie eine kostenlose Beratung bei uns | Datatex","isPartOf":{"@id":"https:\/\/staging.datatex.com\/#website"},"datePublished":"2021-12-01T14:21:00+00:00","dateModified":"2025-06-16T12:12:29+00:00","description":"Buchen Sie einen kostenlosen Beratungstermin mit uns! W\u00e4hlen Sie Ihre bevorzugte Sprache, Datum und Uhrzeit und erhalten Sie Ihre Best\u00e4tigung per E-Mail.","breadcrumb":{"@id":"https:\/\/staging.datatex.com\/de\/buchen-sie-eine-beratung\/#breadcrumb"},"inLanguage":"de","potentialAction":[{"@type":"ReadAction","target":["https:\/\/staging.datatex.com\/de\/buchen-sie-eine-beratung\/"]}]},{"@type":"BreadcrumbList","@id":"https:\/\/staging.datatex.com\/de\/buchen-sie-eine-beratung\/#breadcrumb","itemListElement":[{"@type":"ListItem","position":1,"name":"Datatex","item":"https:\/\/staging.datatex.com\/de\/"},{"@type":"ListItem","position":2,"name":"Buchen Sie eine Beratung"}]},{"@type":"WebSite","@id":"https:\/\/staging.datatex.com\/#website","url":"https:\/\/staging.datatex.com\/","name":"Datatex - We Make IT Work for You","description":"Datatex: We Make IT Work for You","publisher":{"@id":"https:\/\/staging.datatex.com\/#organization"},"potentialAction":[{"@type":"SearchAction","target":{"@type":"EntryPoint","urlTemplate":"https:\/\/staging.datatex.com\/?s={search_term_string}"},"query-input":{"@type":"PropertyValueSpecification","valueRequired":true,"valueName":"search_term_string"}}],"inLanguage":"de"},{"@type":"Organization","@id":"https:\/\/staging.datatex.com\/#organization","name":"Datatex - We Make IT Work for You","url":"https:\/\/staging.datatex.com\/","logo":{"@type":"ImageObject","inLanguage":"de","@id":"https:\/\/staging.datatex.com\/#\/schema\/logo\/image\/","url":"https:\/\/staging.datatex.com\/wp-content\/uploads\/2019\/09\/android-chrome-192x192-e1569404708453.png","contentUrl":"https:\/\/staging.datatex.com\/wp-content\/uploads\/2019\/09\/android-chrome-192x192-e1569404708453.png","width":192,"height":192,"caption":"Datatex - We Make IT Work for You"},"image":{"@id":"https:\/\/staging.datatex.com\/#\/schema\/logo\/image\/"},"sameAs":["https:\/\/www.linkedin.com\/company\/datatex\/"]}]}},"_links":{"self":[{"href":"https:\/\/staging.datatex.com\/de\/wp-json\/wp\/v2\/pages\/25659","targetHints":{"allow":["GET"]}}],"collection":[{"href":"https:\/\/staging.datatex.com\/de\/wp-json\/wp\/v2\/pages"}],"about":[{"href":"https:\/\/staging.datatex.com\/de\/wp-json\/wp\/v2\/types\/page"}],"author":[{"embeddable":true,"href":"https:\/\/staging.datatex.com\/de\/wp-json\/wp\/v2\/users\/7"}],"replies":[{"embeddable":true,"href":"https:\/\/staging.datatex.com\/de\/wp-json\/wp\/v2\/comments?post=25659"}],"version-history":[{"count":8,"href":"https:\/\/staging.datatex.com\/de\/wp-json\/wp\/v2\/pages\/25659\/revisions"}],"predecessor-version":[{"id":17892982,"href":"https:\/\/staging.datatex.com\/de\/wp-json\/wp\/v2\/pages\/25659\/revisions\/17892982"}],"wp:attachment":[{"href":"https:\/\/staging.datatex.com\/de\/wp-json\/wp\/v2\/media?parent=25659"}],"curies":[{"name":"wp","href":"https:\/\/api.w.org\/{rel}","templated":true}]}}